{"id":264,"date":"2023-06-19T01:55:22","date_gmt":"2023-06-18T23:55:22","guid":{"rendered":"https:\/\/tcg-bazar.fr\/?page_id=264"},"modified":"2023-06-20T01:08:27","modified_gmt":"2023-06-19T23:08:27","slug":"conditions-generales-de-vente","status":"publish","type":"page","link":"https:\/\/tcg-bazar.fr\/?page_id=264","title":{"rendered":"CONDITIONS G\u00c9N\u00c9RALES DE VENTE"},"content":{"rendered":"\t\t<div data-elementor-type=\"wp-page\" data-elementor-id=\"264\" class=\"elementor elementor-264\">\n\t\t\t\t<div class=\"elementor-element elementor-element-8580a64 e-flex e-con-boxed e-con e-parent\" data-id=\"8580a64\" data-element_type=\"container\" data-core-v316-plus=\"true\">\n\t\t\t\t\t<div class=\"e-con-inner\">\n\t\t\t\t<div class=\"elementor-element elementor-element-1a34c41 elementor-widget elementor-widget-text-editor\" data-id=\"1a34c41\" data-element_type=\"widget\" data-widget_type=\"text-editor.default\">\n\t\t\t\t<div class=\"elementor-widget-container\">\n\t\t\t<style>\/*! elementor - v3.20.0 - 26-03-2024 *\/\n.elementor-widget-text-editor.elementor-drop-cap-view-stacked .elementor-drop-cap{background-color:#69727d;color:#fff}.elementor-widget-text-editor.elementor-drop-cap-view-framed .elementor-drop-cap{color:#69727d;border:3px solid;background-color:transparent}.elementor-widget-text-editor:not(.elementor-drop-cap-view-default) .elementor-drop-cap{margin-top:8px}.elementor-widget-text-editor:not(.elementor-drop-cap-view-default) .elementor-drop-cap-letter{width:1em;height:1em}.elementor-widget-text-editor .elementor-drop-cap{float:left;text-align:center;line-height:1;font-size:50px}.elementor-widget-text-editor .elementor-drop-cap-letter{display:inline-block}<\/style>\t\t\t\t<h1>\u00a0 \u00a0 \u00a0 \u00a0 \u00a0 \u00a0 \u00a0 \u00a0 \u00a0 \u00a0 \u00a0 \u00a0 \u00a0 \u00a0 \u00a0 \u00a0 \u00a0 \u00a0 \u00a0 \u00a0 \u00a0 \u00a0 \u00a0 \u00a0 \u00a0 Conditions g\u00e9n\u00e9rales de vente<\/h1><h6>Il est pr\u00e9alablement pr\u00e9cis\u00e9 que les pr\u00e9sentes conditions r\u00e9gissent les ventes de tous les produits de la Boutique en ligne de geek.bazar06( TCG-bazar.fr). Ces conditions s\u2019appliquent \u00e0 l\u2019exclusion de toutes autres conditions, notamment celles en vigueur pour les ventes en magasin si un magasin ouvre dans le futur.<br \/>Le Client d\u00e9clare \u00eatre une personne physique non commer\u00e7ante. Le dropshipping\u00a0est interdit.<br \/>Toute commande implique du Client l&#8217;adh\u00e9sion irr\u00e9vocable aux Conditions G\u00e9n\u00e9rales de Vente, \u00e9tant pr\u00e9cis\u00e9 que les parties conviennent que leurs relations seront r\u00e9gies exclusivement par celles-ci, constituant le contrat.\u00a0<br \/>Toute prise de commande au titre d&#8217;un produit figurant sur le Site suppose la consultation pr\u00e9alable des pr\u00e9sentes conditions g\u00e9n\u00e9rales. En cons\u00e9quence, le Client reconna\u00eet \u00eatre parfaitement inform\u00e9 du fait que son accord concernant le contenu des Conditions G\u00e9n\u00e9rales de Vente ne n\u00e9cessite pas la signature manuscrite de ce document, dans la mesure o\u00f9 le Client souhaite commander en ligne les produits pr\u00e9sent\u00e9s sur le Site.<\/h6><h4>ARTICLE 1 &#8211; PRIX<\/h4><h6>1.1 &#8211; Les prix de nos produits sont indiqu\u00e9s en Euros toutes taxes comprises hors participation aux frais de traitement et d&#8217;exp\u00e9dition (sauf signalisation contraire de notre part).<\/h6><h6>1.2 &#8211; Toutes les commandes quelle que soit leur origine sont payables en Euros.<\/h6><h6>1.3 &#8211; geek.bazar06 se r\u00e9serve le droit de modifier ses prix \u00e0 tout moment mais les produits seront factur\u00e9s sur la base des tarifs en vigueur au moment de l&#8217;enregistrement des commandes sous r\u00e9serve de disponibilit\u00e9, et sous r\u00e9serve que votre paiement nous arrive sous une semaine \u00e0 compter de la date d\u2019enregistrement de votre commande.<br \/>Les produits demeurent la propri\u00e9t\u00e9 de geek.bazar06 jusqu&#8217;au complet paiement du prix.<\/h6><h6>\u00a0<\/h6><h4>ARTICLE 2 &#8211; COMMANDE<\/h4><h6>Les informations contractuelles sont pr\u00e9sent\u00e9es en langue fran\u00e7aise et feront l&#8217;objet d&#8217;une confirmation reprenant ces informations contractuelles au plus tard au moment de la livraison. ULTRA JEUX se r\u00e9serve le droit d&#8217;annuler toute commande d&#8217;un client avec lequel il existerait un litige relatif au paiement d&#8217;une commande ant\u00e9rieure ou d&#8217;un impay\u00e9.<br \/>Pour les clients de la France M\u00e9troplitaine, nous offrons les frais de port d\u00e8s que le montant des produits pr\u00e9sents dans le panier d\u00e9passe les 70 euros. Pour les autres pays, une\u00a0r\u00e9duction\u00a0des frais de ports sera propos\u00e9.<\/h6><h4>ARTICLE 3 &#8211; VALIDATION<\/h4><h6>Quand vous cliquez sur le bouton &#8220;Valider ma commande&#8221;, vous d\u00e9clarez accepter celle-ci ainsi que l&#8217;int\u00e9gralit\u00e9 des pr\u00e9sentes Conditions G\u00e9n\u00e9rales de Vente pleinement et sans r\u00e9serve.<br \/>Les donn\u00e9es enregistr\u00e9es par GEEK.BAZAR 06 constituent la preuve de l&#8217;ensemble des transactions pass\u00e9es par GEEK.BAZAR et ses clients.<br \/>Les donn\u00e9es enregistr\u00e9es par le syst\u00e8me de paiement constituent la preuve des transactions financi\u00e8res.<\/h6><h4>ARTICLE 4 &#8211; DISPONIBILITE<\/h4><h6>Nos offres de produits et prix sont valables tant qu\u2019ils sont visibles sur le site, dans la limite des stocks disponibles.<br \/>Nos offres sont valables sous r\u00e9serve de disponibilit\u00e9 chez nos fournisseurs. Pour tous les modes de paiement, nous ne garantissons pas la disponibilit\u00e9 des produits. Si une rupture de stock venait \u00e0 arriver, nous vous rembourserions l\u2019int\u00e9gralit\u00e9 des produits manquants ou nous vous proposerons une solution convenant aux deux parties.<\/h6><h4>ARTICLE 5 &#8211; LIVRAISON<\/h4><h6>5.1 &#8211; Les produits sont livr\u00e9s \u00e0 l&#8217;adresse de livraison que vous avez indiqu\u00e9e.<\/h6><h6>5.2 &#8211; En cas d&#8217;articles livrables \u00e0 des dates diff\u00e9rentes compte tenu de leur disponibilit\u00e9 (Pr\u00e9commandes), le d\u00e9lai de livraison est bas\u00e9 sur le d\u00e9lai le plus long. GEEK.BAZAR06 ne pourra \u00eatre tenu responsable des cons\u00e9quences dues \u00e0 un retard de livraison. En cas de retard inhabituel (Probl\u00e8me avec le transporteur ou changement de la date de sortie du produit par le fabricant), un mail vous sera adress\u00e9.<\/h6><h4>ARTICLE 6 &#8211; PAIEMENT<\/h4><h6>Nous vous rappelons que le fait de valider votre commande implique l\u2019obligation \u00e0 votre charge de payer le prix indiqu\u00e9.<br \/>Le r\u00e8glement de vos achats s&#8217;effectue par :<\/h6><ul><li><h6>Carte Bancaire : Visa, MasterCard et autres cartes bancaires (le d\u00e9bit de la carte s&#8217;effectue \u00e0 la validation de la commande).\u00a0Avec le 3D Secure (ou Verified by visa ou MasterCard SecureCode), votre banque v\u00e9rifie au moment du paiement votre identit\u00e9. Le proc\u00e9d\u00e9 d&#8217;identification etant sp\u00e9cifique \u00e0 chaque banque, veuillez v\u00e9rifier aupr\u00e8s de votre banque le proc\u00e9d\u00e9 d&#8217;authentification utilis\u00e9.<\/h6><\/li><li><h6>PayPal<\/h6><\/li><li><h4>ARTICLE 7 : SECURISATION<\/h4><\/li><\/ul><h6>Les transactions par carte bancaire sur wwwtcg-bazar.fr se font sur le serveur de notre partenaire (stripe) et sont totalement s\u00e9curis\u00e9es.<br \/>L&#8217;acc\u00e8s \u00e0\u00a0votre compte via mot de passe\u00a0est s\u00e9curis\u00e9 (HTTPS via chiffrage\u00a0SSL\/TLS \u00e0 128 bits)<\/h6><h4>ARTICLE 8 &#8211; SATISFAIT OU REMBOURSE<\/h4><h6>8.0 &#8211; Le pr\u00e9sent article s&#8217;applique uniquement aux commandes donnant lieu \u00e0 une livraison apr\u00e8s commande sur http:\/\/tcg-bazar.fr<\/h6><h6>8.1 &#8211;\u00a0Vous disposez, dans un d\u00e9lai de 14 jours francs \u00e0 compter de la livraison de votre commande, d&#8217;un droit de retour,\u00a0remboursement sans p\u00e9nalit\u00e9s des produits qui ne vous conviendraient pas.<br \/>Vous devez avoir notre accord avant l&#8217;envoi. Accord qui se demande par email \u00e0 contact@tcg-bazar.fr<\/h6><h6>Les retours sont \u00e0 effectuer en suivi\u00a0\u00e0 :<\/h6><h6>&#8211; geek.bazar06<\/h6><h6>par\u00e9 christophe<\/h6><h6>30 all\u00e9e des violettes<\/h6><h6>06910 Roquesteron<\/h6><h6>Les frais de retour sont \u00e0 votre charge.<\/h6><h6>Les remboursements seront effectu\u00e9s dans un d\u00e9lai inf\u00e9rieur ou \u00e9gal \u00e0 14 jours apr\u00e8s la r\u00e9ception des produits par nos soins.<br \/>Le remboursement des produits s&#8217;effectuera par le m\u00eame moyen de paiement de la commande. Les frais de port aller seront eux, rembours\u00e9s par un avoir.<\/h6><h6>8.2 &#8211; Les articles retourn\u00e9s incomplets, ab\u00eem\u00e9s, endommag\u00e9s ou salis par le client ou par le transporteur\u00a0ne sont pas repris.<\/h6><h6>8.3 &#8211; Nous nous engageons \u00e0 vous rembourser, ou \u00e0 vous \u00e9changer les produits ne correspondant pas \u00e0 votre commande (d\u00e9fectueux ou non conformes).<br \/>Dans ce cas nous vous remercions de bien vouloir en faire \u00e9tat de mani\u00e8re d\u00e9taill\u00e9e par email \u00e0 contact@tcg-bazar.fr et de nous renvoyer le ou les produits d\u00e8s que vous avez notre accord. geek.bazar06 proc\u00e9dera \u00e0 l&#8217;\u00e9change ou au remboursement du ou des produits.<\/h6><h6>Nous ne donnons aucune consid\u00e9ration aux scell\u00e9s, cartons des produits cartes \u00e0 jouer qui sont destin\u00e9s \u00e0 l&#8217;ouverture par nos clients joueurs. Les collectionneurs s&#8217;ils veulent un etat parfait des cartons, scell\u00e9s et autres \u00e9l\u00e9ments non essentiels \u00e0 nos produits jeux de cartes se doivent de passer par une boutiques physiques pour choisir leurs produits avec scell\u00e9s sur pi\u00e8ce. La Vente par correpondance de se pr\u00eate pas \u00e0 cet exercice.<\/h6><h6>8.4 &#8211; Concernant les colis non retir\u00e9s, une p\u00e9nalit\u00e9 de 5 euro est appliqu\u00e9 pour frais de retour en cas de\u00a0<u>d\u00e9passement de d\u00e9lais de garde<\/u>\u00a0ou\u00a0<u>d&#8217;un colis refus\u00e9<\/u>.<\/h6><h6>8.6 &#8211; Concernant un remboursement de commande avec Paypal, les frais paypal ne sont pas remboursable, donc le montant des frais vous sera emput\u00e9 lors du remboursement via Paypal.<\/h6><h4>ARTICLE 9 &#8211; SERVICE CLIENTELE<\/h4><h6>Pour toute information ou question, notre service client\u00e8le est \u00e0 votre disposition :<br \/>Email :\u00a0<a href=\"mailto:contact@ultrajeux.com\">contact@<\/a>tcg-bazar.fr\u00a0<\/h6><h4>ARTICLE 10 &#8211; RESPONSABILITE<\/h4><h6>Les produits propos\u00e9s sont conformes \u00e0 la l\u00e9gislation fran\u00e7aise en vigueur. La responsabilit\u00e9 de geek.bazar06 ne saurait \u00eatre engag\u00e9e en cas de non respect de la l\u00e9gislation du pays o\u00f9 les produits est livr\u00e9 (interdiction d&#8217;un titre&#8230;). Il vous appartient de v\u00e9rifier aupr\u00e8s des autorit\u00e9s locales les possibilit\u00e9s d&#8217;importation ou d&#8217;utilisation des produits ou services que vos envisagez de commander.<br \/>Les photographies et les textes reproduits et illustrant les produits pr\u00e9sent\u00e9s ne sont pas contractuels. En cons\u00e9quence, la responsabilit\u00e9 de GEEK.BAZAR06 ne saurait \u00eatre engag\u00e9e en cas d&#8217;erreur dans l&#8217;une de ces photographies ou l&#8217;un de ces textes.<br \/>GEEK.BAZAR06 ne saurait \u00eatre tenu pour responsable de l&#8217;inex\u00e9cution du contrat conclu en cas de rupture de stock ou indisponibilit\u00e9 du produit, de force majeure, de perturbation ou gr\u00e8ve totale ou partielle notamment des services postaux et moyens de transport et\/ou communications, inondation, incendie.<br \/>GEEK.BAZAR06 n&#8217;encourra aucune responsabilit\u00e9 pour tous dommages indirects du fait des pr\u00e9sentes, perte d&#8217;exploitation, perte de profit, perte de chance, dommages ou frais.<\/h6><h4>ARTICLE 11 &#8211; DROIT APPLICABLE &#8211; LITIGES<\/h4><h6>Le pr\u00e9sent contrat est soumis \u00e0 la loi fran\u00e7aise.<br \/>La langue du pr\u00e9sent contrat est la langue fran\u00e7aise.<br \/>En cas de litige les tribunaux Fran\u00e7ais seront seuls comp\u00e9tents.<\/h6><h4>ARTICLE 12 &#8211; INFORMATIONS NOMINATIVES<\/h4><h6>GEEK.BAZAR06 s&#8217;engage \u00e0 ne pas divulguer \u00e0 des tiers les informations que vous lui communiquez sauf aupr\u00e8s de ces partenaires commerciaux si vous en avez exprimez la volont\u00e9 lors de la transmission de vos coordonn\u00e9es \u00e0 GEEK.BAZAR06. Elles seront aussi utilis\u00e9es par ses services internes, pour le traitement de votre commande et pour renforcer et personnaliser la communication et l&#8217;offre produit r\u00e9serv\u00e9es aux clients de ULTRA JEUX Sarl, notamment par les lettres d&#8217;informations de la ULTRA JEUX Sarl dans le cadre de la personnalisation de la boutique. En cons\u00e9quence, conform\u00e9ment \u00e0 la loi informatique et libert\u00e9s du 6 janvier 1978, vous disposez d&#8217;un droit d&#8217;acc\u00e8s, de rectification, et d&#8217;opposition aux donn\u00e9es personnelles vous concernant. Pour cela il suffit de nous en faire la demande en ligne ou par courrier en nous indiquant vos nom, pr\u00e9nom, adresse et si possible votre r\u00e9f\u00e9rence client \u00e0 : GEEK.BAZAR06<\/h6><h6>par\u00e9 christophe<\/h6><h6>30 all\u00e9e des violettes<\/h6><h6>06910 Roquesteron.<\/h6><h6>Notre site est \u00e9galement con\u00e7u pour \u00eatre particuli\u00e8rement attentif aux besoins de nos clients. C&#8217;est pour cela que nous faisons usage de cookies. Le cookie a pour but de signaler votre passage sur notre site. Les cookies ne sont donc utilis\u00e9s par GEEK.BAZAR06 que dans le but d&#8217;am\u00e9liorer le service personnalis\u00e9 qui vous est destin\u00e9 concernant le fonctionnement du Panier.<\/h6>\t\t\t\t\t\t<\/div>\n\t\t\t\t<\/div>\n\t\t\t\t\t<\/div>\n\t\t\t\t<\/div>\n\t\t\t\t<\/div>\n\t\t","protected":false},"excerpt":{"rendered":"<p>\u00a0 \u00a0 \u00a0 \u00a0 \u00a0 \u00a0 \u00a0 \u00a0 \u00a0 \u00a0 \u00a0 \u00a0 \u00a0 \u00a0 \u00a0 \u00a0 \u00a0 \u00a0 \u00a0 \u00a0 \u00a0 \u00a0 \u00a0 \u00a0 \u00a0 Conditions g\u00e9n\u00e9rales de vente Il est pr\u00e9alablement pr\u00e9cis\u00e9 que les pr\u00e9sentes conditions r\u00e9gissent les ventes de tous les produits de la Boutique en ligne de geek.bazar06( TCG-bazar.fr). Ces conditions s\u2019appliquent [&hellip;]<\/p>\n","protected":false},"author":1,"featured_media":0,"parent":0,"menu_order":0,"comment_status":"closed","ping_status":"closed","template":"","meta":{"advanced_seo_description":"","jetpack_seo_html_title":"","jetpack_seo_noindex":false,"ocean_post_layout":"","ocean_both_sidebars_style":"","ocean_both_sidebars_content_width":0,"ocean_both_sidebars_sidebars_width":0,"ocean_sidebar":"0","ocean_second_sidebar":"0","ocean_disable_margins":"enable","ocean_add_body_class":"","ocean_shortcode_before_top_bar":"","ocean_shortcode_after_top_bar":"","ocean_shortcode_before_header":"","ocean_shortcode_after_header":"","ocean_has_shortcode":"","ocean_shortcode_after_title":"","ocean_shortcode_before_footer_widgets":"","ocean_shortcode_after_footer_widgets":"","ocean_shortcode_before_footer_bottom":"","ocean_shortcode_after_footer_bottom":"","ocean_display_top_bar":"default","ocean_display_header":"default","ocean_header_style":"","ocean_center_header_left_menu":"0","ocean_custom_header_template":"0","ocean_custom_logo":0,"ocean_custom_retina_logo":0,"ocean_custom_logo_max_width":0,"ocean_custom_logo_tablet_max_width":0,"ocean_custom_logo_mobile_max_width":0,"ocean_custom_logo_max_height":0,"ocean_custom_logo_tablet_max_height":0,"ocean_custom_logo_mobile_max_height":0,"ocean_header_custom_menu":"0","ocean_menu_typo_font_family":"0","ocean_menu_typo_font_subset":"","ocean_menu_typo_font_size":0,"ocean_menu_typo_font_size_tablet":0,"ocean_menu_typo_font_size_mobile":0,"ocean_menu_typo_font_size_unit":"px","ocean_menu_typo_font_weight":"","ocean_menu_typo_font_weight_tablet":"","ocean_menu_typo_font_weight_mobile":"","ocean_menu_typo_transform":"","ocean_menu_typo_transform_tablet":"","ocean_menu_typo_transform_mobile":"","ocean_menu_typo_line_height":0,"ocean_menu_typo_line_height_tablet":0,"ocean_menu_typo_line_height_mobile":0,"ocean_menu_typo_line_height_unit":"","ocean_menu_typo_spacing":0,"ocean_menu_typo_spacing_tablet":0,"ocean_menu_typo_spacing_mobile":0,"ocean_menu_typo_spacing_unit":"","ocean_menu_link_color":"","ocean_menu_link_color_hover":"","ocean_menu_link_color_active":"","ocean_menu_link_background":"","ocean_menu_link_hover_background":"","ocean_menu_link_active_background":"","ocean_menu_social_links_bg":"","ocean_menu_social_hover_links_bg":"","ocean_menu_social_links_color":"","ocean_menu_social_hover_links_color":"","ocean_disable_title":"default","ocean_disable_heading":"default","ocean_post_title":"","ocean_post_subheading":"","ocean_post_title_style":"","ocean_post_title_background_color":"","ocean_post_title_background":0,"ocean_post_title_bg_image_position":"","ocean_post_title_bg_image_attachment":"","ocean_post_title_bg_image_repeat":"","ocean_post_title_bg_image_size":"","ocean_post_title_height":0,"ocean_post_title_bg_overlay":0.5,"ocean_post_title_bg_overlay_color":"","ocean_disable_breadcrumbs":"default","ocean_breadcrumbs_color":"","ocean_breadcrumbs_separator_color":"","ocean_breadcrumbs_links_color":"","ocean_breadcrumbs_links_hover_color":"","ocean_display_footer_widgets":"default","ocean_display_footer_bottom":"default","ocean_custom_footer_template":"0","footnotes":""},"jetpack_sharing_enabled":true,"_links":{"self":[{"href":"https:\/\/tcg-bazar.fr\/index.php?rest_route=\/wp\/v2\/pages\/264"}],"collection":[{"href":"https:\/\/tcg-bazar.fr\/index.php?rest_route=\/wp\/v2\/pages"}],"about":[{"href":"https:\/\/tcg-bazar.fr\/index.php?rest_route=\/wp\/v2\/types\/page"}],"author":[{"embeddable":true,"href":"https:\/\/tcg-bazar.fr\/index.php?rest_route=\/wp\/v2\/users\/1"}],"replies":[{"embeddable":true,"href":"https:\/\/tcg-bazar.fr\/index.php?rest_route=%2Fwp%2Fv2%2Fcomments&post=264"}],"version-history":[{"count":10,"href":"https:\/\/tcg-bazar.fr\/index.php?rest_route=\/wp\/v2\/pages\/264\/revisions"}],"predecessor-version":[{"id":288,"href":"https:\/\/tcg-bazar.fr\/index.php?rest_route=\/wp\/v2\/pages\/264\/revisions\/288"}],"wp:attachment":[{"href":"https:\/\/tcg-bazar.fr\/index.php?rest_route=%2Fwp%2Fv2%2Fmedia&parent=264"}],"curies":[{"name":"wp","href":"https:\/\/api.w.org\/{rel}","templated":true}]}}