{"id":72,"date":"2023-06-15T19:05:54","date_gmt":"2023-06-15T17:05:54","guid":{"rendered":"https:\/\/tcg-bazar.fr\/?page_id=72"},"modified":"2023-07-14T02:03:07","modified_gmt":"2023-07-14T00:03:07","slug":"produits-magic-lassembee","status":"publish","type":"page","link":"https:\/\/tcg-bazar.fr\/?page_id=72","title":{"rendered":"produits magic l&#8217;assemb\u00e9e"},"content":{"rendered":"\t\t<div data-elementor-type=\"wp-page\" data-elementor-id=\"72\" class=\"elementor elementor-72\">\n\t\t\t\t\t\t<section class=\"elementor-section elementor-top-section elementor-element elementor-element-9636f47 elementor-section-boxed elementor-section-height-default elementor-section-height-default\" data-id=\"9636f47\" data-element_type=\"section\">\n\t\t\t\t\t\t<div class=\"elementor-container elementor-column-gap-default\">\n\t\t\t\t\t<div class=\"elementor-column elementor-col-25 elementor-top-column elementor-element elementor-element-78e1756\" data-id=\"78e1756\" data-element_type=\"column\">\n\t\t\t<div class=\"elementor-widget-wrap elementor-element-populated\">\n\t\t\t\t\t\t<div class=\"elementor-element elementor-element-889b4fd elementor-widget__width-initial elementor-widget elementor-widget-image\" data-id=\"889b4fd\" data-element_type=\"widget\" data-widget_type=\"image.default\">\n\t\t\t\t<div class=\"elementor-widget-container\">\n\t\t\t<style>\/*! elementor - v3.20.0 - 26-03-2024 *\/\n.elementor-widget-image{text-align:center}.elementor-widget-image a{display:inline-block}.elementor-widget-image a img[src$=\".svg\"]{width:48px}.elementor-widget-image img{vertical-align:middle;display:inline-block}<\/style>\t\t\t\t\t\t\t<figure class=\"wp-caption\">\n\t\t\t\t\t\t\t\t\t\t\t<a href=\"https:\/\/tcg-bazar.fr\/?product_cat=boite-booster\">\n\t\t\t\t\t\t\t<img fetchpriority=\"high\" decoding=\"async\" width=\"800\" height=\"600\" src=\"https:\/\/i0.wp.com\/tcg-bazar.fr\/wp-content\/uploads\/2023\/07\/boite-de-booster-et-preconstuit.jpg?fit=800%2C600&amp;ssl=1\" class=\"attachment-large size-large wp-image-334\" alt=\"\" srcset=\"https:\/\/i0.wp.com\/tcg-bazar.fr\/wp-content\/uploads\/2023\/07\/boite-de-booster-et-preconstuit.jpg?w=800&amp;ssl=1 800w, https:\/\/i0.wp.com\/tcg-bazar.fr\/wp-content\/uploads\/2023\/07\/boite-de-booster-et-preconstuit.jpg?resize=300%2C225&amp;ssl=1 300w, https:\/\/i0.wp.com\/tcg-bazar.fr\/wp-content\/uploads\/2023\/07\/boite-de-booster-et-preconstuit.jpg?resize=768%2C576&amp;ssl=1 768w, https:\/\/i0.wp.com\/tcg-bazar.fr\/wp-content\/uploads\/2023\/07\/boite-de-booster-et-preconstuit.jpg?resize=600%2C450&amp;ssl=1 600w\" sizes=\"(max-width: 800px) 100vw, 800px\" \/>\t\t\t\t\t\t\t\t<\/a>\n\t\t\t\t\t\t\t\t\t\t\t<figcaption class=\"widget-image-caption wp-caption-text\">boites de boosters et pr\u00e9construit<\/figcaption>\n\t\t\t\t\t\t\t\t\t\t<\/figure>\n\t\t\t\t\t\t\t<\/div>\n\t\t\t\t<\/div>\n\t\t\t\t\t<\/div>\n\t\t<\/div>\n\t\t\t\t<div class=\"elementor-column elementor-col-25 elementor-top-column elementor-element elementor-element-8ad9376\" data-id=\"8ad9376\" data-element_type=\"column\">\n\t\t\t<div class=\"elementor-widget-wrap elementor-element-populated\">\n\t\t\t\t\t\t<div class=\"elementor-element elementor-element-51413e4 elementor-widget elementor-widget-image\" data-id=\"51413e4\" data-element_type=\"widget\" data-widget_type=\"image.default\">\n\t\t\t\t<div class=\"elementor-widget-container\">\n\t\t\t\t\t\t\t\t\t\t<figure class=\"wp-caption\">\n\t\t\t\t\t\t\t\t\t\t\t<a href=\"https:\/\/tcg-bazar.fr\/?product_cat=boosters\">\n\t\t\t\t\t\t\t<img decoding=\"async\" width=\"1024\" height=\"1024\" src=\"https:\/\/i0.wp.com\/tcg-bazar.fr\/wp-content\/uploads\/2023\/06\/seigneur-des-anneaux-booster-draft-fr.jpg?fit=1024%2C1024&amp;ssl=1\" class=\"attachment-large size-large wp-image-121\" alt=\"\" srcset=\"https:\/\/i0.wp.com\/tcg-bazar.fr\/wp-content\/uploads\/2023\/06\/seigneur-des-anneaux-booster-draft-fr.jpg?w=1024&amp;ssl=1 1024w, https:\/\/i0.wp.com\/tcg-bazar.fr\/wp-content\/uploads\/2023\/06\/seigneur-des-anneaux-booster-draft-fr.jpg?resize=300%2C300&amp;ssl=1 300w, https:\/\/i0.wp.com\/tcg-bazar.fr\/wp-content\/uploads\/2023\/06\/seigneur-des-anneaux-booster-draft-fr.jpg?resize=150%2C150&amp;ssl=1 150w, https:\/\/i0.wp.com\/tcg-bazar.fr\/wp-content\/uploads\/2023\/06\/seigneur-des-anneaux-booster-draft-fr.jpg?resize=768%2C768&amp;ssl=1 768w, https:\/\/i0.wp.com\/tcg-bazar.fr\/wp-content\/uploads\/2023\/06\/seigneur-des-anneaux-booster-draft-fr.jpg?resize=600%2C600&amp;ssl=1 600w, https:\/\/i0.wp.com\/tcg-bazar.fr\/wp-content\/uploads\/2023\/06\/seigneur-des-anneaux-booster-draft-fr.jpg?resize=100%2C100&amp;ssl=1 100w\" sizes=\"(max-width: 1024px) 100vw, 1024px\" \/>\t\t\t\t\t\t\t\t<\/a>\n\t\t\t\t\t\t\t\t\t\t\t<figcaption class=\"widget-image-caption wp-caption-text\">booster<\/figcaption>\n\t\t\t\t\t\t\t\t\t\t<\/figure>\n\t\t\t\t\t\t\t<\/div>\n\t\t\t\t<\/div>\n\t\t\t\t\t<\/div>\n\t\t<\/div>\n\t\t\t\t<div class=\"elementor-column elementor-col-25 elementor-top-column elementor-element elementor-element-5e80ad7\" data-id=\"5e80ad7\" data-element_type=\"column\">\n\t\t\t<div class=\"elementor-widget-wrap elementor-element-populated\">\n\t\t\t\t\t\t<div class=\"elementor-element elementor-element-e2d285a elementor-widget elementor-widget-image\" data-id=\"e2d285a\" data-element_type=\"widget\" data-widget_type=\"image.default\">\n\t\t\t\t<div class=\"elementor-widget-container\">\n\t\t\t\t\t\t\t\t\t\t<figure class=\"wp-caption\">\n\t\t\t\t\t\t\t\t\t\t<img decoding=\"async\" width=\"190\" height=\"265\" src=\"https:\/\/i0.wp.com\/tcg-bazar.fr\/wp-content\/uploads\/2023\/06\/anneau-unique.jpg?fit=190%2C265&amp;ssl=1\" class=\"attachment-large size-large wp-image-119\" alt=\"\" \/>\t\t\t\t\t\t\t\t\t\t\t<figcaption class=\"widget-image-caption wp-caption-text\">carte \u00e0 l'unit\u00e9<\/figcaption>\n\t\t\t\t\t\t\t\t\t\t<\/figure>\n\t\t\t\t\t\t\t<\/div>\n\t\t\t\t<\/div>\n\t\t\t\t\t<\/div>\n\t\t<\/div>\n\t\t\t\t<div class=\"elementor-column elementor-col-25 elementor-top-column elementor-element elementor-element-24661cb\" data-id=\"24661cb\" data-element_type=\"column\">\n\t\t\t<div class=\"elementor-widget-wrap elementor-element-populated\">\n\t\t\t\t\t\t<div class=\"elementor-element elementor-element-164f9b7 elementor-widget elementor-widget-image\" data-id=\"164f9b7\" data-element_type=\"widget\" data-widget_type=\"image.default\">\n\t\t\t\t<div class=\"elementor-widget-container\">\n\t\t\t\t\t\t\t\t\t\t<figure class=\"wp-caption\">\n\t\t\t\t\t\t\t\t\t\t<img loading=\"lazy\" decoding=\"async\" width=\"640\" height=\"640\" src=\"https:\/\/i0.wp.com\/tcg-bazar.fr\/wp-content\/uploads\/2023\/06\/rangement-carte-magic.jpg?fit=640%2C640&amp;ssl=1\" class=\"attachment-large size-large wp-image-120\" alt=\"\" srcset=\"https:\/\/i0.wp.com\/tcg-bazar.fr\/wp-content\/uploads\/2023\/06\/rangement-carte-magic.jpg?w=640&amp;ssl=1 640w, https:\/\/i0.wp.com\/tcg-bazar.fr\/wp-content\/uploads\/2023\/06\/rangement-carte-magic.jpg?resize=300%2C300&amp;ssl=1 300w, https:\/\/i0.wp.com\/tcg-bazar.fr\/wp-content\/uploads\/2023\/06\/rangement-carte-magic.jpg?resize=150%2C150&amp;ssl=1 150w, https:\/\/i0.wp.com\/tcg-bazar.fr\/wp-content\/uploads\/2023\/06\/rangement-carte-magic.jpg?resize=600%2C600&amp;ssl=1 600w, https:\/\/i0.wp.com\/tcg-bazar.fr\/wp-content\/uploads\/2023\/06\/rangement-carte-magic.jpg?resize=100%2C100&amp;ssl=1 100w\" sizes=\"(max-width: 640px) 100vw, 640px\" \/>\t\t\t\t\t\t\t\t\t\t\t<figcaption class=\"widget-image-caption wp-caption-text\">accessoires<\/figcaption>\n\t\t\t\t\t\t\t\t\t\t<\/figure>\n\t\t\t\t\t\t\t<\/div>\n\t\t\t\t<\/div>\n\t\t\t\t\t<\/div>\n\t\t<\/div>\n\t\t\t\t\t<\/div>\n\t\t<\/section>\n\t\t\t\t<\/div>\n\t\t","protected":false},"excerpt":{"rendered":"<p>boites de boosters et pr\u00e9construit booster carte \u00e0 l&#8217;unit\u00e9 accessoires<\/p>\n","protected":false},"author":1,"featured_media":0,"parent":0,"menu_order":0,"comment_status":"closed","ping_status":"closed","template":"","meta":{"advanced_seo_description":"","jetpack_seo_html_title":"","jetpack_seo_noindex":false,"ocean_post_layout":"","ocean_both_sidebars_style":"","ocean_both_sidebars_content_width":0,"ocean_both_sidebars_sidebars_width":0,"ocean_sidebar":"0","ocean_second_sidebar":"0","ocean_disable_margins":"enable","ocean_add_body_class":"","ocean_shortcode_before_top_bar":"","ocean_shortcode_after_top_bar":"","ocean_shortcode_before_header":"","ocean_shortcode_after_header":"","ocean_has_shortcode":"","ocean_shortcode_after_title":"","ocean_shortcode_before_footer_widgets":"","ocean_shortcode_after_footer_widgets":"","ocean_shortcode_before_footer_bottom":"","ocean_shortcode_after_footer_bottom":"","ocean_display_top_bar":"default","ocean_display_header":"default","ocean_header_style":"","ocean_center_header_left_menu":"0","ocean_custom_header_template":"0","ocean_custom_logo":0,"ocean_custom_retina_logo":0,"ocean_custom_logo_max_width":0,"ocean_custom_logo_tablet_max_width":0,"ocean_custom_logo_mobile_max_width":0,"ocean_custom_logo_max_height":0,"ocean_custom_logo_tablet_max_height":0,"ocean_custom_logo_mobile_max_height":0,"ocean_header_custom_menu":"0","ocean_menu_typo_font_family":"0","ocean_menu_typo_font_subset":"","ocean_menu_typo_font_size":0,"ocean_menu_typo_font_size_tablet":0,"ocean_menu_typo_font_size_mobile":0,"ocean_menu_typo_font_size_unit":"px","ocean_menu_typo_font_weight":"","ocean_menu_typo_font_weight_tablet":"","ocean_menu_typo_font_weight_mobile":"","ocean_menu_typo_transform":"","ocean_menu_typo_transform_tablet":"","ocean_menu_typo_transform_mobile":"","ocean_menu_typo_line_height":0,"ocean_menu_typo_line_height_tablet":0,"ocean_menu_typo_line_height_mobile":0,"ocean_menu_typo_line_height_unit":"","ocean_menu_typo_spacing":0,"ocean_menu_typo_spacing_tablet":0,"ocean_menu_typo_spacing_mobile":0,"ocean_menu_typo_spacing_unit":"","ocean_menu_link_color":"","ocean_menu_link_color_hover":"","ocean_menu_link_color_active":"","ocean_menu_link_background":"","ocean_menu_link_hover_background":"","ocean_menu_link_active_background":"","ocean_menu_social_links_bg":"","ocean_menu_social_hover_links_bg":"","ocean_menu_social_links_color":"","ocean_menu_social_hover_links_color":"","ocean_disable_title":"default","ocean_disable_heading":"default","ocean_post_title":"","ocean_post_subheading":"","ocean_post_title_style":"","ocean_post_title_background_color":"","ocean_post_title_background":0,"ocean_post_title_bg_image_position":"","ocean_post_title_bg_image_attachment":"","ocean_post_title_bg_image_repeat":"","ocean_post_title_bg_image_size":"","ocean_post_title_height":0,"ocean_post_title_bg_overlay":0.5,"ocean_post_title_bg_overlay_color":"","ocean_disable_breadcrumbs":"default","ocean_breadcrumbs_color":"","ocean_breadcrumbs_separator_color":"","ocean_breadcrumbs_links_color":"","ocean_breadcrumbs_links_hover_color":"","ocean_display_footer_widgets":"default","ocean_display_footer_bottom":"default","ocean_custom_footer_template":"0","footnotes":""},"jetpack_sharing_enabled":true,"_links":{"self":[{"href":"https:\/\/tcg-bazar.fr\/index.php?rest_route=\/wp\/v2\/pages\/72"}],"collection":[{"href":"https:\/\/tcg-bazar.fr\/index.php?rest_route=\/wp\/v2\/pages"}],"about":[{"href":"https:\/\/tcg-bazar.fr\/index.php?rest_route=\/wp\/v2\/types\/page"}],"author":[{"embeddable":true,"href":"https:\/\/tcg-bazar.fr\/index.php?rest_route=\/wp\/v2\/users\/1"}],"replies":[{"embeddable":true,"href":"https:\/\/tcg-bazar.fr\/index.php?rest_route=%2Fwp%2Fv2%2Fcomments&post=72"}],"version-history":[{"count":32,"href":"https:\/\/tcg-bazar.fr\/index.php?rest_route=\/wp\/v2\/pages\/72\/revisions"}],"predecessor-version":[{"id":381,"href":"https:\/\/tcg-bazar.fr\/index.php?rest_route=\/wp\/v2\/pages\/72\/revisions\/381"}],"wp:attachment":[{"href":"https:\/\/tcg-bazar.fr\/index.php?rest_route=%2Fwp%2Fv2%2Fmedia&parent=72"}],"curies":[{"name":"wp","href":"https:\/\/api.w.org\/{rel}","templated":true}]}}