{"id":148,"date":"2023-06-16T01:31:51","date_gmt":"2023-06-15T23:31:51","guid":{"rendered":"https:\/\/tcg-bazar.fr\/?post_type=product&#038;p=148"},"modified":"2026-02-15T09:27:54","modified_gmt":"2026-02-15T08:27:54","slug":"boite-boosters-dextention-seigneur-des-anneaux","status":"publish","type":"product","link":"https:\/\/tcg-bazar.fr\/?product=boite-boosters-dextention-seigneur-des-anneaux","title":{"rendered":"boite boosters d&#8217;extention seigneur des anneaux"},"content":{"rendered":"<h1 class=\"a-size-base-plus a-text-bold\">\u00c0 propos de cet article<\/h1>\n<ul class=\"a-unordered-list a-vertical a-spacing-mini\">\n<li class=\"a-spacing-mini\">\n<h5><span class=\"a-list-item\">MAGIC RENCONTRE LE SEIGNEUR DES ANNEAUX : red\u00e9couvrez la c\u00e9l\u00e8bre histoire du Seigneur des Anneaux avec la dimension strat\u00e9gique de Magic: The Gathering en affrontant vos adversaires dans des batailles magiques palpitantes<\/span><\/h5>\n<\/li>\n<li class=\"a-spacing-mini\">\n<h5><span class=\"a-list-item\">REJOIGNEZ LA COMMUNAUT\u00c9 : plongez dans la Terre du Milieu avec des m\u00e9caniques de jeu uniques et des illustrations \u00e0 couper le souffle qui vous entra\u00eeneront au c\u0153ur de cette \u0153uvre \u00e9pique<\/span><\/h5>\n<\/li>\n<li class=\"a-spacing-mini\">\n<h5><span class=\"a-list-item\">EXPLOREZ AVEC LES BOOSTERS D&#8217;EXTENSION : con\u00e7us pour une exp\u00e9rience amusante d&#8217;ouverture de boosters. Si vous souhaitez d\u00e9couvrir l&#8217;extension en ouvrant des boosters en toute simplicit\u00e9, les boosters d&#8217;extension sont faits pour vous<\/span><\/h5>\n<\/li>\n<li class=\"a-spacing-mini\">\n<h5><span class=\"a-list-item\">UNE CARTE D&#8217;ILLUSTRATION, UNE CARTE RARE ET UNE CARTE PREMIUM DANS CHAQUE BOOSTER : chaque booster d\u2019extension contient au moins 1 carte Premium traditionnelle brillante, au moins 1 carte de raret\u00e9 rare ou sup\u00e9rieure (et jusqu&#8217;\u00e0 4 cartes !) et 1 carte d\u2019illustration mettant en valeur une illustration de l\u2019extension<\/span><\/h5>\n<\/li>\n<li class=\"a-spacing-mini\">\n<h5><span class=\"a-list-item\">UNE CARTE \u00c0 ILLUSTRATION ALTERNATIVE DANS CHAQUE BOOSTER : qu&#8217;il s&#8217;agisse d&#8217;une carte sc\u00e9nique sans bordure avec une illustration qui s&#8217;assemble avec d&#8217;autres cartes pour former une seule et m\u00eame sc\u00e8ne ou d&#8217;une carte d&#8217;anneau Showcase encadr\u00e9e par les inscriptions de l&#8217;Anneau Unique, chaque booster d&#8217;extension contient au moins 1 carte sp\u00e9ciale \u00e0 illustration alternative ou \u00e0 cadre alternatif<\/span><\/h5>\n<\/li>\n<li class=\"a-spacing-mini\">\n<h5><span class=\"a-list-item\">CONTENU : 30 boosters d&#8217;extension MTG Le Seigneur des Anneaux : chroniques de la Terre du Milieu + 1 carte de pr\u00e9sentation Royaumes et reliques sans bordure Premium traditionnelle<\/span><\/h5>\n<\/li>\n<\/ul>\n","protected":false},"excerpt":{"rendered":"<p>\u00c0 propos de cet article MAGIC RENCONTRE LE SEIGNEUR DES ANNEAUX : red\u00e9couvrez la c\u00e9l\u00e8bre histoire du Seigneur des Anneaux avec la dimension strat\u00e9gique de Magic: The Gathering en affrontant vos adversaires dans des batailles magiques palpitantes REJOIGNEZ LA COMMUNAUT\u00c9 : plongez dans la Terre du Milieu avec des m\u00e9caniques de jeu uniques et des [&hellip;]<\/p>\n","protected":false},"featured_media":149,"comment_status":"open","ping_status":"closed","template":"","meta":{"advanced_seo_description":"","jetpack_seo_html_title":"","jetpack_seo_noindex":false,"ocean_post_layout":"","ocean_both_sidebars_style":"","ocean_both_sidebars_content_width":0,"ocean_both_sidebars_sidebars_width":0,"ocean_sidebar":"0","ocean_second_sidebar":"0","ocean_disable_margins":"enable","ocean_add_body_class":"","ocean_shortcode_before_top_bar":"","ocean_shortcode_after_top_bar":"","ocean_shortcode_before_header":"","ocean_shortcode_after_header":"","ocean_has_shortcode":"","ocean_shortcode_after_title":"","ocean_shortcode_before_footer_widgets":"","ocean_shortcode_after_footer_widgets":"","ocean_shortcode_before_footer_bottom":"","ocean_shortcode_after_footer_bottom":"","ocean_display_top_bar":"default","ocean_display_header":"default","ocean_header_style":"","ocean_center_header_left_menu":"0","ocean_custom_header_template":"0","ocean_custom_logo":0,"ocean_custom_retina_logo":0,"ocean_custom_logo_max_width":0,"ocean_custom_logo_tablet_max_width":0,"ocean_custom_logo_mobile_max_width":0,"ocean_custom_logo_max_height":0,"ocean_custom_logo_tablet_max_height":0,"ocean_custom_logo_mobile_max_height":0,"ocean_header_custom_menu":"0","ocean_menu_typo_font_family":"0","ocean_menu_typo_font_subset":"","ocean_menu_typo_font_size":0,"ocean_menu_typo_font_size_tablet":0,"ocean_menu_typo_font_size_mobile":0,"ocean_menu_typo_font_size_unit":"px","ocean_menu_typo_font_weight":"","ocean_menu_typo_font_weight_tablet":"","ocean_menu_typo_font_weight_mobile":"","ocean_menu_typo_transform":"","ocean_menu_typo_transform_tablet":"","ocean_menu_typo_transform_mobile":"","ocean_menu_typo_line_height":0,"ocean_menu_typo_line_height_tablet":0,"ocean_menu_typo_line_height_mobile":0,"ocean_menu_typo_line_height_unit":"","ocean_menu_typo_spacing":0,"ocean_menu_typo_spacing_tablet":0,"ocean_menu_typo_spacing_mobile":0,"ocean_menu_typo_spacing_unit":"","ocean_menu_link_color":"","ocean_menu_link_color_hover":"","ocean_menu_link_color_active":"","ocean_menu_link_background":"","ocean_menu_link_hover_background":"","ocean_menu_link_active_background":"","ocean_menu_social_links_bg":"","ocean_menu_social_hover_links_bg":"","ocean_menu_social_links_color":"","ocean_menu_social_hover_links_color":"","ocean_disable_title":"default","ocean_disable_heading":"default","ocean_post_title":"","ocean_post_subheading":"","ocean_post_title_style":"","ocean_post_title_background_color":"","ocean_post_title_background":0,"ocean_post_title_bg_image_position":"","ocean_post_title_bg_image_attachment":"","ocean_post_title_bg_image_repeat":"","ocean_post_title_bg_image_size":"","ocean_post_title_height":0,"ocean_post_title_bg_overlay":0.5,"ocean_post_title_bg_overlay_color":"","ocean_disable_breadcrumbs":"default","ocean_breadcrumbs_color":"","ocean_breadcrumbs_separator_color":"","ocean_breadcrumbs_links_color":"","ocean_breadcrumbs_links_hover_color":"","ocean_display_footer_widgets":"default","ocean_display_footer_bottom":"default","ocean_custom_footer_template":"0"},"product_cat":[16,19],"product_tag":[],"jetpack_sharing_enabled":true,"_links":{"self":[{"href":"https:\/\/tcg-bazar.fr\/index.php?rest_route=\/wp\/v2\/product\/148"}],"collection":[{"href":"https:\/\/tcg-bazar.fr\/index.php?rest_route=\/wp\/v2\/product"}],"about":[{"href":"https:\/\/tcg-bazar.fr\/index.php?rest_route=\/wp\/v2\/types\/product"}],"replies":[{"embeddable":true,"href":"https:\/\/tcg-bazar.fr\/index.php?rest_route=%2Fwp%2Fv2%2Fcomments&post=148"}],"version-history":[{"count":3,"href":"https:\/\/tcg-bazar.fr\/index.php?rest_route=\/wp\/v2\/product\/148\/revisions"}],"predecessor-version":[{"id":357,"href":"https:\/\/tcg-bazar.fr\/index.php?rest_route=\/wp\/v2\/product\/148\/revisions\/357"}],"wp:featuredmedia":[{"embeddable":true,"href":"https:\/\/tcg-bazar.fr\/index.php?rest_route=\/wp\/v2\/media\/149"}],"wp:attachment":[{"href":"https:\/\/tcg-bazar.fr\/index.php?rest_route=%2Fwp%2Fv2%2Fmedia&parent=148"}],"wp:term":[{"taxonomy":"product_cat","embeddable":true,"href":"https:\/\/tcg-bazar.fr\/index.php?rest_route=%2Fwp%2Fv2%2Fproduct_cat&post=148"},{"taxonomy":"product_tag","embeddable":true,"href":"https:\/\/tcg-bazar.fr\/index.php?rest_route=%2Fwp%2Fv2%2Fproduct_tag&post=148"}],"curies":[{"name":"wp","href":"https:\/\/api.w.org\/{rel}","templated":true}]}}