{"id":305,"date":"2023-07-14T00:46:43","date_gmt":"2023-07-13T22:46:43","guid":{"rendered":"https:\/\/tcg-bazar.fr\/?post_type=product&#038;p=305"},"modified":"2024-06-01T10:19:38","modified_gmt":"2024-06-01T08:19:38","slug":"deck-commander-masters-eldrazi-dechaine","status":"publish","type":"product","link":"https:\/\/tcg-bazar.fr\/?product=deck-commander-masters-eldrazi-dechaine","title":{"rendered":"deck commander masters eldrazi d\u00e9chain\u00e9"},"content":{"rendered":"<h1 class=\"a-size-base-plus a-text-bold\">\u00c0 propos de cet article<\/h1>\n<ul class=\"a-unordered-list a-vertical a-spacing-mini\">\n<li class=\"a-spacing-mini\">\n<h5><span class=\"a-list-item\">\u00b7\u00a0\u00a0\u00a0\u00a0\u00a0\u00a0\u00a0 PUISSANT D\u00c8S L&#8217;OUVERTURE DE LA BO\u00ceTE\u00a0: faites passer votre exp\u00e9rience de jeu Commander au niveau sup\u00e9rieur avec un deck pr\u00eat-\u00e0-jouer surpuissant<\/span><\/h5>\n<\/li>\n<li class=\"a-spacing-mini\">\n<h5><span class=\"a-list-item\">\u00b7\u00a0\u00a0\u00a0\u00a0\u00a0\u00a0\u00a0 JOUEZ AVEC LES CARTES LES PLUS C\u00c9L\u00c8BRES DU COMMANDER\u00a0: attirez l&#8217;attention avec un deck rempli de r\u00e9impressions de certaines des meilleures cartes qui honorent le format le plus populaire de Magic<\/span><\/h5>\n<\/li>\n<li class=\"a-spacing-mini\">\n<h5><span class=\"a-list-item\">\u00b7\u00a0\u00a0\u00a0\u00a0\u00a0\u00a0\u00a0 INTRODUIT 10\u00a0CARTES COMMANDER\u00a0: chaque deck Commander introduit \u00e9galement 10\u00a0cartes in\u00e9dites de Magic: The Gathering<\/span><\/h5>\n<\/li>\n<li class=\"a-spacing-mini\">\n<h5><span class=\"a-list-item\">\u00b7\u00a0\u00a0\u00a0\u00a0\u00a0\u00a0\u00a0 DECK COMMANDER INCOLORE\u00a0: essayez le deck Commander Eldrazi d\u00e9cha\u00een\u00e9, un deck incolore de 100\u00a0cartes qui contient 2\u00a0cartes l\u00e9gendaires Premium et 98\u00a0cartes non-Premium, et affrontez vos amis dans des parties multijoueurs \u00e9piques<\/span><\/h5>\n<\/li>\n<li class=\"a-spacing-mini\">\n<h5><span class=\"a-list-item\">\u00b7\u00a0\u00a0\u00a0\u00a0\u00a0\u00a0\u00a0 COLLECTIONNEZ DES CARTES \u00c0 TRAITEMENT SP\u00c9CIAL\u00a0: chaque deck inclut un booster collector \u00e9chantillon de 2\u00a0cartes qui renferme 2\u00a0cartes \u00e0 traitement sp\u00e9cial (1\u00a0rare et 1\u00a0rare ou rare mythique) de l&#8217;extension Commander Masters<\/span><\/h5>\n<\/li>\n<li class=\"a-spacing-mini\">\n<h5><span class=\"a-list-item\">TOUT LE N\u00c9CESSAIRE POUR JOUER ET PLUS ENCORE : chaque deck inclut \u00e9galement 1 booster collector \u00e9chantillon de 2 cartes, 1 commandant de pr\u00e9sentation super Premium, 10 jetons recto-verso, 1 carte d\u2019aide, 1 compteur de points de vie et 1 bo\u00eete de deck<\/span><\/h5>\n<\/li>\n<\/ul>\n","protected":false},"excerpt":{"rendered":"<p>\u00c0 propos de cet article \u00b7\u00a0\u00a0\u00a0\u00a0\u00a0\u00a0\u00a0 PUISSANT D\u00c8S L&#8217;OUVERTURE DE LA BO\u00ceTE\u00a0: faites passer votre exp\u00e9rience de jeu Commander au niveau sup\u00e9rieur avec un deck pr\u00eat-\u00e0-jouer surpuissant \u00b7\u00a0\u00a0\u00a0\u00a0\u00a0\u00a0\u00a0 JOUEZ AVEC LES CARTES LES PLUS C\u00c9L\u00c8BRES DU COMMANDER\u00a0: attirez l&#8217;attention avec un deck rempli de r\u00e9impressions de certaines des meilleures cartes qui honorent le format le [&hellip;]<\/p>\n","protected":false},"featured_media":306,"comment_status":"open","ping_status":"closed","template":"","meta":{"advanced_seo_description":"","jetpack_seo_html_title":"","jetpack_seo_noindex":false,"ocean_post_layout":"","ocean_both_sidebars_style":"","ocean_both_sidebars_content_width":0,"ocean_both_sidebars_sidebars_width":0,"ocean_sidebar":"0","ocean_second_sidebar":"0","ocean_disable_margins":"enable","ocean_add_body_class":"","ocean_shortcode_before_top_bar":"","ocean_shortcode_after_top_bar":"","ocean_shortcode_before_header":"","ocean_shortcode_after_header":"","ocean_has_shortcode":"","ocean_shortcode_after_title":"","ocean_shortcode_before_footer_widgets":"","ocean_shortcode_after_footer_widgets":"","ocean_shortcode_before_footer_bottom":"","ocean_shortcode_after_footer_bottom":"","ocean_display_top_bar":"default","ocean_display_header":"default","ocean_header_style":"","ocean_center_header_left_menu":"0","ocean_custom_header_template":"0","ocean_custom_logo":0,"ocean_custom_retina_logo":0,"ocean_custom_logo_max_width":0,"ocean_custom_logo_tablet_max_width":0,"ocean_custom_logo_mobile_max_width":0,"ocean_custom_logo_max_height":0,"ocean_custom_logo_tablet_max_height":0,"ocean_custom_logo_mobile_max_height":0,"ocean_header_custom_menu":"0","ocean_menu_typo_font_family":"0","ocean_menu_typo_font_subset":"","ocean_menu_typo_font_size":0,"ocean_menu_typo_font_size_tablet":0,"ocean_menu_typo_font_size_mobile":0,"ocean_menu_typo_font_size_unit":"px","ocean_menu_typo_font_weight":"","ocean_menu_typo_font_weight_tablet":"","ocean_menu_typo_font_weight_mobile":"","ocean_menu_typo_transform":"","ocean_menu_typo_transform_tablet":"","ocean_menu_typo_transform_mobile":"","ocean_menu_typo_line_height":0,"ocean_menu_typo_line_height_tablet":0,"ocean_menu_typo_line_height_mobile":0,"ocean_menu_typo_line_height_unit":"","ocean_menu_typo_spacing":0,"ocean_menu_typo_spacing_tablet":0,"ocean_menu_typo_spacing_mobile":0,"ocean_menu_typo_spacing_unit":"","ocean_menu_link_color":"","ocean_menu_link_color_hover":"","ocean_menu_link_color_active":"","ocean_menu_link_background":"","ocean_menu_link_hover_background":"","ocean_menu_link_active_background":"","ocean_menu_social_links_bg":"","ocean_menu_social_hover_links_bg":"","ocean_menu_social_links_color":"","ocean_menu_social_hover_links_color":"","ocean_disable_title":"default","ocean_disable_heading":"default","ocean_post_title":"","ocean_post_subheading":"","ocean_post_title_style":"","ocean_post_title_background_color":"","ocean_post_title_background":0,"ocean_post_title_bg_image_position":"","ocean_post_title_bg_image_attachment":"","ocean_post_title_bg_image_repeat":"","ocean_post_title_bg_image_size":"","ocean_post_title_height":0,"ocean_post_title_bg_overlay":0.5,"ocean_post_title_bg_overlay_color":"","ocean_disable_breadcrumbs":"default","ocean_breadcrumbs_color":"","ocean_breadcrumbs_separator_color":"","ocean_breadcrumbs_links_color":"","ocean_breadcrumbs_links_hover_color":"","ocean_display_footer_widgets":"default","ocean_display_footer_bottom":"default","ocean_custom_footer_template":"0"},"product_cat":[16,19],"product_tag":[],"jetpack_sharing_enabled":true,"_links":{"self":[{"href":"https:\/\/tcg-bazar.fr\/index.php?rest_route=\/wp\/v2\/product\/305"}],"collection":[{"href":"https:\/\/tcg-bazar.fr\/index.php?rest_route=\/wp\/v2\/product"}],"about":[{"href":"https:\/\/tcg-bazar.fr\/index.php?rest_route=\/wp\/v2\/types\/product"}],"replies":[{"embeddable":true,"href":"https:\/\/tcg-bazar.fr\/index.php?rest_route=%2Fwp%2Fv2%2Fcomments&post=305"}],"version-history":[{"count":6,"href":"https:\/\/tcg-bazar.fr\/index.php?rest_route=\/wp\/v2\/product\/305\/revisions"}],"predecessor-version":[{"id":312,"href":"https:\/\/tcg-bazar.fr\/index.php?rest_route=\/wp\/v2\/product\/305\/revisions\/312"}],"wp:featuredmedia":[{"embeddable":true,"href":"https:\/\/tcg-bazar.fr\/index.php?rest_route=\/wp\/v2\/media\/306"}],"wp:attachment":[{"href":"https:\/\/tcg-bazar.fr\/index.php?rest_route=%2Fwp%2Fv2%2Fmedia&parent=305"}],"wp:term":[{"taxonomy":"product_cat","embeddable":true,"href":"https:\/\/tcg-bazar.fr\/index.php?rest_route=%2Fwp%2Fv2%2Fproduct_cat&post=305"},{"taxonomy":"product_tag","embeddable":true,"href":"https:\/\/tcg-bazar.fr\/index.php?rest_route=%2Fwp%2Fv2%2Fproduct_tag&post=305"}],"curies":[{"name":"wp","href":"https:\/\/api.w.org\/{rel}","templated":true}]}}