{"id":319,"date":"2023-07-14T01:19:13","date_gmt":"2023-07-13T23:19:13","guid":{"rendered":"https:\/\/tcg-bazar.fr\/?post_type=product&#038;p=319"},"modified":"2023-08-07T22:31:35","modified_gmt":"2023-08-07T20:31:35","slug":"booster-collector-commander-masters","status":"publish","type":"product","link":"https:\/\/tcg-bazar.fr\/?product=booster-collector-commander-masters","title":{"rendered":"booster collector commander masters"},"content":{"rendered":"<h1 class=\"a-size-base-plus a-text-bold\">\u00c0 propos de cet article<\/h1>\n<ul class=\"a-unordered-list a-vertical a-spacing-mini\">\n<li class=\"a-spacing-mini\">\n<h5><span class=\"a-list-item\">\u00b7\u00a0\u00a0\u00a0\u00a0\u00a0\u00a0\u00a0 LA PREMI\u00c8RE EXTENSION MASTERS D\u00c9DI\u00c9E AU COMMANDER\u00a0: les boosters Masters sont des boosters surpuissants remplis des meilleures r\u00e9impressions Magic: The Gathering\u00a0; Commander Masters introduit les premiers boosters Masters sp\u00e9cialement con\u00e7us pour le Commander, le format le plus populaire de Magic<\/span><\/h5>\n<\/li>\n<li class=\"a-spacing-mini\">\n<h5><span class=\"a-list-item\">\u00b7\u00a0\u00a0\u00a0\u00a0\u00a0\u00a0\u00a0 METTEZ LA MAIN SUR LA CR\u00c8ME DE LA CR\u00c8ME\u00a0: les boosters collector permettent d&#8217;obtenir rapidement les cartes les plus int\u00e9ressantes d&#8217;une extension d\u00e9j\u00e0 extraordinaire, avec des boosters remplis de cartes rares, de cartes Premium brillantes, et de cartes sp\u00e9ciales \u00e0 illustration alternative et cadre alternatif<\/span><\/h5>\n<\/li>\n<li class=\"a-spacing-mini\">\n<h5><span class=\"a-list-item\">\u00b7\u00a0\u00a0\u00a0\u00a0\u00a0\u00a0\u00a0 DES TRAITEMENTS EXCLUSIFS AUX BOOSTERS COLLECTOR\u00a0: les boosters collector sont les seuls boosters qui contiennent des cartes avec un traitement \u00e0 illustration \u00e9tendue, super Premium, voire \u00e0 texture Premium<\/span><\/h5>\n<\/li>\n<li class=\"a-spacing-mini\">\n<h5><span class=\"a-list-item\">\u00b7\u00a0\u00a0\u00a0\u00a0\u00a0\u00a0\u00a0 5\u00a0CARTES SANS BORDURE DANS CHAQUE BOOSTER\u00a0: chaque booster contient 5\u00a0cartes sans bordure, dont 1 qui peut \u00eatre une carte rare ou rare mythique sans bordure \u00e0 texture Premium qui jouera le r\u00f4le principal dans votre collection<\/span><\/h5>\n<\/li>\n<li class=\"a-spacing-mini\">\n<h5><span class=\"a-list-item\">\u00b7\u00a0\u00a0\u00a0\u00a0\u00a0\u00a0\u00a0 REMPLI DE CARTES RARES ET PREMIUM\u00a0: chaque booster contient un total de 9 \u00e0 11\u00a0cartes Premium traditionnelles, 1\u00a0carte super Premium, une carte potentiellement sans bordure \u00e0 texture Premium (1 dans 25 des boosters), et un total de 5\u00a0cartes de raret\u00e9 rare ou sup\u00e9rieure<\/span><\/h5>\n<\/li>\n<\/ul>\n","protected":false},"excerpt":{"rendered":"<p>\u00c0 propos de cet article \u00b7\u00a0\u00a0\u00a0\u00a0\u00a0\u00a0\u00a0 LA PREMI\u00c8RE EXTENSION MASTERS D\u00c9DI\u00c9E AU COMMANDER\u00a0: les boosters Masters sont des boosters surpuissants remplis des meilleures r\u00e9impressions Magic: The Gathering\u00a0; Commander Masters introduit les premiers boosters Masters sp\u00e9cialement con\u00e7us pour le Commander, le format le plus populaire de Magic \u00b7\u00a0\u00a0\u00a0\u00a0\u00a0\u00a0\u00a0 METTEZ LA MAIN SUR LA CR\u00c8ME DE LA [&hellip;]<\/p>\n","protected":false},"featured_media":320,"comment_status":"open","ping_status":"closed","template":"","meta":{"advanced_seo_description":"","jetpack_seo_html_title":"","jetpack_seo_noindex":false,"ocean_post_layout":"","ocean_both_sidebars_style":"","ocean_both_sidebars_content_width":0,"ocean_both_sidebars_sidebars_width":0,"ocean_sidebar":"0","ocean_second_sidebar":"0","ocean_disable_margins":"enable","ocean_add_body_class":"","ocean_shortcode_before_top_bar":"","ocean_shortcode_after_top_bar":"","ocean_shortcode_before_header":"","ocean_shortcode_after_header":"","ocean_has_shortcode":"","ocean_shortcode_after_title":"","ocean_shortcode_before_footer_widgets":"","ocean_shortcode_after_footer_widgets":"","ocean_shortcode_before_footer_bottom":"","ocean_shortcode_after_footer_bottom":"","ocean_display_top_bar":"default","ocean_display_header":"default","ocean_header_style":"","ocean_center_header_left_menu":"0","ocean_custom_header_template":"0","ocean_custom_logo":0,"ocean_custom_retina_logo":0,"ocean_custom_logo_max_width":0,"ocean_custom_logo_tablet_max_width":0,"ocean_custom_logo_mobile_max_width":0,"ocean_custom_logo_max_height":0,"ocean_custom_logo_tablet_max_height":0,"ocean_custom_logo_mobile_max_height":0,"ocean_header_custom_menu":"0","ocean_menu_typo_font_family":"0","ocean_menu_typo_font_subset":"","ocean_menu_typo_font_size":0,"ocean_menu_typo_font_size_tablet":0,"ocean_menu_typo_font_size_mobile":0,"ocean_menu_typo_font_size_unit":"px","ocean_menu_typo_font_weight":"","ocean_menu_typo_font_weight_tablet":"","ocean_menu_typo_font_weight_mobile":"","ocean_menu_typo_transform":"","ocean_menu_typo_transform_tablet":"","ocean_menu_typo_transform_mobile":"","ocean_menu_typo_line_height":0,"ocean_menu_typo_line_height_tablet":0,"ocean_menu_typo_line_height_mobile":0,"ocean_menu_typo_line_height_unit":"","ocean_menu_typo_spacing":0,"ocean_menu_typo_spacing_tablet":0,"ocean_menu_typo_spacing_mobile":0,"ocean_menu_typo_spacing_unit":"","ocean_menu_link_color":"","ocean_menu_link_color_hover":"","ocean_menu_link_color_active":"","ocean_menu_link_background":"","ocean_menu_link_hover_background":"","ocean_menu_link_active_background":"","ocean_menu_social_links_bg":"","ocean_menu_social_hover_links_bg":"","ocean_menu_social_links_color":"","ocean_menu_social_hover_links_color":"","ocean_disable_title":"default","ocean_disable_heading":"default","ocean_post_title":"","ocean_post_subheading":"","ocean_post_title_style":"","ocean_post_title_background_color":"","ocean_post_title_background":0,"ocean_post_title_bg_image_position":"","ocean_post_title_bg_image_attachment":"","ocean_post_title_bg_image_repeat":"","ocean_post_title_bg_image_size":"","ocean_post_title_height":0,"ocean_post_title_bg_overlay":0.5,"ocean_post_title_bg_overlay_color":"","ocean_disable_breadcrumbs":"default","ocean_breadcrumbs_color":"","ocean_breadcrumbs_separator_color":"","ocean_breadcrumbs_links_color":"","ocean_breadcrumbs_links_hover_color":"","ocean_display_footer_widgets":"default","ocean_display_footer_bottom":"default","ocean_custom_footer_template":"0"},"product_cat":[23,19],"product_tag":[],"jetpack_sharing_enabled":true,"_links":{"self":[{"href":"https:\/\/tcg-bazar.fr\/index.php?rest_route=\/wp\/v2\/product\/319"}],"collection":[{"href":"https:\/\/tcg-bazar.fr\/index.php?rest_route=\/wp\/v2\/product"}],"about":[{"href":"https:\/\/tcg-bazar.fr\/index.php?rest_route=\/wp\/v2\/types\/product"}],"replies":[{"embeddable":true,"href":"https:\/\/tcg-bazar.fr\/index.php?rest_route=%2Fwp%2Fv2%2Fcomments&post=319"}],"version-history":[{"count":1,"href":"https:\/\/tcg-bazar.fr\/index.php?rest_route=\/wp\/v2\/product\/319\/revisions"}],"predecessor-version":[{"id":321,"href":"https:\/\/tcg-bazar.fr\/index.php?rest_route=\/wp\/v2\/product\/319\/revisions\/321"}],"wp:featuredmedia":[{"embeddable":true,"href":"https:\/\/tcg-bazar.fr\/index.php?rest_route=\/wp\/v2\/media\/320"}],"wp:attachment":[{"href":"https:\/\/tcg-bazar.fr\/index.php?rest_route=%2Fwp%2Fv2%2Fmedia&parent=319"}],"wp:term":[{"taxonomy":"product_cat","embeddable":true,"href":"https:\/\/tcg-bazar.fr\/index.php?rest_route=%2Fwp%2Fv2%2Fproduct_cat&post=319"},{"taxonomy":"product_tag","embeddable":true,"href":"https:\/\/tcg-bazar.fr\/index.php?rest_route=%2Fwp%2Fv2%2Fproduct_tag&post=319"}],"curies":[{"name":"wp","href":"https:\/\/api.w.org\/{rel}","templated":true}]}}