{"id":338,"date":"2023-07-14T02:12:18","date_gmt":"2023-07-14T00:12:18","guid":{"rendered":"https:\/\/tcg-bazar.fr\/?post_type=product&#038;p=338"},"modified":"2025-11-22T18:32:57","modified_gmt":"2025-11-22T17:32:57","slug":"kit-de-demarrage-seigneur-des-anneaux","status":"publish","type":"product","link":"https:\/\/tcg-bazar.fr\/?product=kit-de-demarrage-seigneur-des-anneaux","title":{"rendered":"kit de d\u00e9marrage seigneur des anneaux"},"content":{"rendered":"<h1 class=\"a-size-base-plus a-text-bold\">\u00c0 propos de cet article<\/h1>\n<ul class=\"a-unordered-list a-vertical a-spacing-mini\">\n<li class=\"a-spacing-mini\">\n<h5><span class=\"a-list-item\">LA MAGIE RENCONTRE LE SEIGNEUR DES ANNEAUX : Red\u00e9couvrez la c\u00e9l\u00e8bre histoire du Seigneur des Anneaux avec la dimension strat\u00e9gique de Magic : The Gathering en affrontant vos adversaires dans des batailles magiques passionnantes<\/span><\/h5>\n<\/li>\n<li class=\"a-spacing-mini\">\n<h5><span class=\"a-list-item\">REJOIGNEZ LA COMMUNAUT\u00c9 : plongez dans la Terre du Milieu gr\u00e2ce \u00e0 des m\u00e9canismes de jeu uniques et \u00e0 des illustrations \u00e9poustouflantes qui vous entra\u00eeneront au c\u0153ur de cette \u0153uvre \u00e9pique<\/span><\/h5>\n<\/li>\n<li class=\"a-spacing-mini\">\n<h5><span class=\"a-list-item\">APPRENEZ \u00c0 JOUER AVEC UN AMI : Utilisez le guide d&#8217;apprentissage et le didacticiel interactif en ligne inclus sur Magic : The Gathering Arena pour apprendre \u00e0 jouer \u00e0 Magic avec un ami.<\/span><\/h5>\n<\/li>\n<li class=\"a-spacing-mini\">\n<h5><span class=\"a-list-item\">Jouez en face \u00e0 face et en ligne : en plus des decks physiques, ce kit comprend des codes pour d\u00e9bloquer les deux decks afin que deux personnes puissent jouer en ligne sur MTG Arena, une plateforme num\u00e9rique disponible sur des appareils mobiles ou des ordinateurs<\/span><\/h5>\n<\/li>\n<li class=\"a-spacing-mini\">\n<h5><span class=\"a-list-item\">CONTENU : 2 decks pr\u00eats \u00e0 jouer avec 60 cartes (dont 1 carte rare premium mythique et 4 cartes rares), un guide d&#8217;apprentissage, 2 bo\u00eetes o\u00f9 vous pouvez stocker les decks et les codes pour d\u00e9bloquer les deux decks et jouer en ligne sur MTG Arena<\/span><\/h5>\n<\/li>\n<\/ul>\n","protected":false},"excerpt":{"rendered":"<p>\u00c0 propos de cet article LA MAGIE RENCONTRE LE SEIGNEUR DES ANNEAUX : Red\u00e9couvrez la c\u00e9l\u00e8bre histoire du Seigneur des Anneaux avec la dimension strat\u00e9gique de Magic : The Gathering en affrontant vos adversaires dans des batailles magiques passionnantes REJOIGNEZ LA COMMUNAUT\u00c9 : plongez dans la Terre du Milieu gr\u00e2ce \u00e0 des m\u00e9canismes de jeu [&hellip;]<\/p>\n","protected":false},"featured_media":339,"comment_status":"open","ping_status":"closed","template":"","meta":{"advanced_seo_description":"","jetpack_seo_html_title":"","jetpack_seo_noindex":false,"ocean_post_layout":"","ocean_both_sidebars_style":"","ocean_both_sidebars_content_width":0,"ocean_both_sidebars_sidebars_width":0,"ocean_sidebar":"0","ocean_second_sidebar":"0","ocean_disable_margins":"enable","ocean_add_body_class":"","ocean_shortcode_before_top_bar":"","ocean_shortcode_after_top_bar":"","ocean_shortcode_before_header":"","ocean_shortcode_after_header":"","ocean_has_shortcode":"","ocean_shortcode_after_title":"","ocean_shortcode_before_footer_widgets":"","ocean_shortcode_after_footer_widgets":"","ocean_shortcode_before_footer_bottom":"","ocean_shortcode_after_footer_bottom":"","ocean_display_top_bar":"default","ocean_display_header":"default","ocean_header_style":"","ocean_center_header_left_menu":"0","ocean_custom_header_template":"0","ocean_custom_logo":0,"ocean_custom_retina_logo":0,"ocean_custom_logo_max_width":0,"ocean_custom_logo_tablet_max_width":0,"ocean_custom_logo_mobile_max_width":0,"ocean_custom_logo_max_height":0,"ocean_custom_logo_tablet_max_height":0,"ocean_custom_logo_mobile_max_height":0,"ocean_header_custom_menu":"0","ocean_menu_typo_font_family":"0","ocean_menu_typo_font_subset":"","ocean_menu_typo_font_size":0,"ocean_menu_typo_font_size_tablet":0,"ocean_menu_typo_font_size_mobile":0,"ocean_menu_typo_font_size_unit":"px","ocean_menu_typo_font_weight":"","ocean_menu_typo_font_weight_tablet":"","ocean_menu_typo_font_weight_mobile":"","ocean_menu_typo_transform":"","ocean_menu_typo_transform_tablet":"","ocean_menu_typo_transform_mobile":"","ocean_menu_typo_line_height":0,"ocean_menu_typo_line_height_tablet":0,"ocean_menu_typo_line_height_mobile":0,"ocean_menu_typo_line_height_unit":"","ocean_menu_typo_spacing":0,"ocean_menu_typo_spacing_tablet":0,"ocean_menu_typo_spacing_mobile":0,"ocean_menu_typo_spacing_unit":"","ocean_menu_link_color":"","ocean_menu_link_color_hover":"","ocean_menu_link_color_active":"","ocean_menu_link_background":"","ocean_menu_link_hover_background":"","ocean_menu_link_active_background":"","ocean_menu_social_links_bg":"","ocean_menu_social_hover_links_bg":"","ocean_menu_social_links_color":"","ocean_menu_social_hover_links_color":"","ocean_disable_title":"default","ocean_disable_heading":"default","ocean_post_title":"","ocean_post_subheading":"","ocean_post_title_style":"","ocean_post_title_background_color":"","ocean_post_title_background":0,"ocean_post_title_bg_image_position":"","ocean_post_title_bg_image_attachment":"","ocean_post_title_bg_image_repeat":"","ocean_post_title_bg_image_size":"","ocean_post_title_height":0,"ocean_post_title_bg_overlay":0.5,"ocean_post_title_bg_overlay_color":"","ocean_disable_breadcrumbs":"default","ocean_breadcrumbs_color":"","ocean_breadcrumbs_separator_color":"","ocean_breadcrumbs_links_color":"","ocean_breadcrumbs_links_hover_color":"","ocean_display_footer_widgets":"default","ocean_display_footer_bottom":"default","ocean_custom_footer_template":"0"},"product_cat":[16,19],"product_tag":[],"jetpack_sharing_enabled":true,"_links":{"self":[{"href":"https:\/\/tcg-bazar.fr\/index.php?rest_route=\/wp\/v2\/product\/338"}],"collection":[{"href":"https:\/\/tcg-bazar.fr\/index.php?rest_route=\/wp\/v2\/product"}],"about":[{"href":"https:\/\/tcg-bazar.fr\/index.php?rest_route=\/wp\/v2\/types\/product"}],"replies":[{"embeddable":true,"href":"https:\/\/tcg-bazar.fr\/index.php?rest_route=%2Fwp%2Fv2%2Fcomments&post=338"}],"version-history":[{"count":1,"href":"https:\/\/tcg-bazar.fr\/index.php?rest_route=\/wp\/v2\/product\/338\/revisions"}],"predecessor-version":[{"id":340,"href":"https:\/\/tcg-bazar.fr\/index.php?rest_route=\/wp\/v2\/product\/338\/revisions\/340"}],"wp:featuredmedia":[{"embeddable":true,"href":"https:\/\/tcg-bazar.fr\/index.php?rest_route=\/wp\/v2\/media\/339"}],"wp:attachment":[{"href":"https:\/\/tcg-bazar.fr\/index.php?rest_route=%2Fwp%2Fv2%2Fmedia&parent=338"}],"wp:term":[{"taxonomy":"product_cat","embeddable":true,"href":"https:\/\/tcg-bazar.fr\/index.php?rest_route=%2Fwp%2Fv2%2Fproduct_cat&post=338"},{"taxonomy":"product_tag","embeddable":true,"href":"https:\/\/tcg-bazar.fr\/index.php?rest_route=%2Fwp%2Fv2%2Fproduct_tag&post=338"}],"curies":[{"name":"wp","href":"https:\/\/api.w.org\/{rel}","templated":true}]}}