{"id":350,"date":"2023-07-16T01:07:13","date_gmt":"2023-07-15T23:07:13","guid":{"rendered":"https:\/\/tcg-bazar.fr\/?post_type=product&#038;p=350"},"modified":"2025-12-08T10:49:17","modified_gmt":"2025-12-08T09:49:17","slug":"deck-commander-seigneur-des-anneaux-conseil-elfe","status":"publish","type":"product","link":"https:\/\/tcg-bazar.fr\/?product=deck-commander-seigneur-des-anneaux-conseil-elfe","title":{"rendered":"deck commander seigneur des anneaux conseil elfe"},"content":{"rendered":"<h1 class=\"a-size-base-plus a-text-bold\">\u00c0 propos de cet article<\/h1>\n<ul class=\"a-unordered-list a-vertical a-spacing-mini\">\n<li class=\"a-spacing-mini\">\n<h5><span class=\"a-list-item\">MAGIC RENCONTRE LE SEIGNEUR DES ANNEAUX : red\u00e9couvrez la c\u00e9l\u00e8bre histoire du Seigneur des Anneaux avec la dimension strat\u00e9gique de Magic: The Gathering en affrontant vos adversaires dans des batailles magiques palpitantes<\/span><\/h5>\n<\/li>\n<li class=\"a-spacing-mini\">\n<h5><span class=\"a-list-item\">REJOIGNEZ LA COMMUNAUT\u00c9 : plongez dans la Terre du Milieu avec des m\u00e9caniques de jeu uniques et des illustrations \u00e0 couper le souffle qui vous entra\u00eeneront au c\u0153ur de cette \u0153uvre \u00e9pique<\/span><\/h5>\n<\/li>\n<li class=\"a-spacing-mini\">\n<h5><span class=\"a-list-item\">DES BATAILLES MULTIJOUEURS \u00c9PIQUES : le Commander est un moyen de jouer \u00e0 Magic \u00e0 plusieurs. C&#8217;est un format Free-for-All \u00e9pique misant sur la strat\u00e9gie et les complots<\/span><\/h5>\n<\/li>\n<li class=\"a-spacing-mini\">\n<h5><span class=\"a-list-item\">INTRODUIT 20 CARTES COMMANDER : ce deck introduit 20 cartes Commander in\u00e9dites dans Magic: The Gathering<\/span><\/h5>\n<\/li>\n<li class=\"a-spacing-mini\">\n<h5><span class=\"a-list-item\">COLLECTIONNEZ DES CARTES \u00c0 TRAITEMENT SP\u00c9CIAL : chaque deck inclut un booster collector \u00e9chantillon de 2 cartes qui renferme 2 cartes \u00e0 traitement sp\u00e9cial de l&#8217;extension Le Seigneur des Anneaux : chroniques de la Terre du Milieu, y compris 1 carte rare ou rare mythique et au moins 1 carte Premium traditionnelle<\/span><\/h5>\n<\/li>\n<li class=\"a-spacing-mini\">\n<h5><span class=\"a-list-item\">CONTENU : 1 deck Commander pr\u00eat-\u00e0-jouer Le Seigneur des Anneaux : chroniques de la Terre du Milieu (inclut 2 cartes l\u00e9gendaires Premium), 1 booster collector \u00e9chantillon de 2 cartes, 1 commandant de pr\u00e9sentation super Premium, 10 jetons recto-verso, 1 carte d&#8217;aide, 1 compteur de points de vie et 1 bo\u00eete de deck<\/span><\/h5>\n<\/li>\n<\/ul>\n","protected":false},"excerpt":{"rendered":"<p>\u00c0 propos de cet article MAGIC RENCONTRE LE SEIGNEUR DES ANNEAUX : red\u00e9couvrez la c\u00e9l\u00e8bre histoire du Seigneur des Anneaux avec la dimension strat\u00e9gique de Magic: The Gathering en affrontant vos adversaires dans des batailles magiques palpitantes REJOIGNEZ LA COMMUNAUT\u00c9 : plongez dans la Terre du Milieu avec des m\u00e9caniques de jeu uniques et des [&hellip;]<\/p>\n","protected":false},"featured_media":351,"comment_status":"open","ping_status":"closed","template":"","meta":{"advanced_seo_description":"","jetpack_seo_html_title":"","jetpack_seo_noindex":false,"ocean_post_layout":"","ocean_both_sidebars_style":"","ocean_both_sidebars_content_width":0,"ocean_both_sidebars_sidebars_width":0,"ocean_sidebar":"0","ocean_second_sidebar":"0","ocean_disable_margins":"enable","ocean_add_body_class":"","ocean_shortcode_before_top_bar":"","ocean_shortcode_after_top_bar":"","ocean_shortcode_before_header":"","ocean_shortcode_after_header":"","ocean_has_shortcode":"","ocean_shortcode_after_title":"","ocean_shortcode_before_footer_widgets":"","ocean_shortcode_after_footer_widgets":"","ocean_shortcode_before_footer_bottom":"","ocean_shortcode_after_footer_bottom":"","ocean_display_top_bar":"default","ocean_display_header":"default","ocean_header_style":"","ocean_center_header_left_menu":"0","ocean_custom_header_template":"0","ocean_custom_logo":0,"ocean_custom_retina_logo":0,"ocean_custom_logo_max_width":0,"ocean_custom_logo_tablet_max_width":0,"ocean_custom_logo_mobile_max_width":0,"ocean_custom_logo_max_height":0,"ocean_custom_logo_tablet_max_height":0,"ocean_custom_logo_mobile_max_height":0,"ocean_header_custom_menu":"0","ocean_menu_typo_font_family":"0","ocean_menu_typo_font_subset":"","ocean_menu_typo_font_size":0,"ocean_menu_typo_font_size_tablet":0,"ocean_menu_typo_font_size_mobile":0,"ocean_menu_typo_font_size_unit":"px","ocean_menu_typo_font_weight":"","ocean_menu_typo_font_weight_tablet":"","ocean_menu_typo_font_weight_mobile":"","ocean_menu_typo_transform":"","ocean_menu_typo_transform_tablet":"","ocean_menu_typo_transform_mobile":"","ocean_menu_typo_line_height":0,"ocean_menu_typo_line_height_tablet":0,"ocean_menu_typo_line_height_mobile":0,"ocean_menu_typo_line_height_unit":"","ocean_menu_typo_spacing":0,"ocean_menu_typo_spacing_tablet":0,"ocean_menu_typo_spacing_mobile":0,"ocean_menu_typo_spacing_unit":"","ocean_menu_link_color":"","ocean_menu_link_color_hover":"","ocean_menu_link_color_active":"","ocean_menu_link_background":"","ocean_menu_link_hover_background":"","ocean_menu_link_active_background":"","ocean_menu_social_links_bg":"","ocean_menu_social_hover_links_bg":"","ocean_menu_social_links_color":"","ocean_menu_social_hover_links_color":"","ocean_disable_title":"default","ocean_disable_heading":"default","ocean_post_title":"","ocean_post_subheading":"","ocean_post_title_style":"","ocean_post_title_background_color":"","ocean_post_title_background":0,"ocean_post_title_bg_image_position":"","ocean_post_title_bg_image_attachment":"","ocean_post_title_bg_image_repeat":"","ocean_post_title_bg_image_size":"","ocean_post_title_height":0,"ocean_post_title_bg_overlay":0.5,"ocean_post_title_bg_overlay_color":"","ocean_disable_breadcrumbs":"default","ocean_breadcrumbs_color":"","ocean_breadcrumbs_separator_color":"","ocean_breadcrumbs_links_color":"","ocean_breadcrumbs_links_hover_color":"","ocean_display_footer_widgets":"default","ocean_display_footer_bottom":"default","ocean_custom_footer_template":"0"},"product_cat":[16,19],"product_tag":[],"jetpack_sharing_enabled":true,"_links":{"self":[{"href":"https:\/\/tcg-bazar.fr\/index.php?rest_route=\/wp\/v2\/product\/350"}],"collection":[{"href":"https:\/\/tcg-bazar.fr\/index.php?rest_route=\/wp\/v2\/product"}],"about":[{"href":"https:\/\/tcg-bazar.fr\/index.php?rest_route=\/wp\/v2\/types\/product"}],"replies":[{"embeddable":true,"href":"https:\/\/tcg-bazar.fr\/index.php?rest_route=%2Fwp%2Fv2%2Fcomments&post=350"}],"version-history":[{"count":1,"href":"https:\/\/tcg-bazar.fr\/index.php?rest_route=\/wp\/v2\/product\/350\/revisions"}],"predecessor-version":[{"id":352,"href":"https:\/\/tcg-bazar.fr\/index.php?rest_route=\/wp\/v2\/product\/350\/revisions\/352"}],"wp:featuredmedia":[{"embeddable":true,"href":"https:\/\/tcg-bazar.fr\/index.php?rest_route=\/wp\/v2\/media\/351"}],"wp:attachment":[{"href":"https:\/\/tcg-bazar.fr\/index.php?rest_route=%2Fwp%2Fv2%2Fmedia&parent=350"}],"wp:term":[{"taxonomy":"product_cat","embeddable":true,"href":"https:\/\/tcg-bazar.fr\/index.php?rest_route=%2Fwp%2Fv2%2Fproduct_cat&post=350"},{"taxonomy":"product_tag","embeddable":true,"href":"https:\/\/tcg-bazar.fr\/index.php?rest_route=%2Fwp%2Fv2%2Fproduct_tag&post=350"}],"curies":[{"name":"wp","href":"https:\/\/api.w.org\/{rel}","templated":true}]}}