{"id":435,"date":"2024-01-28T15:41:36","date_gmt":"2024-01-28T14:41:36","guid":{"rendered":"https:\/\/tcg-bazar.fr\/?post_type=product&#038;p=435"},"modified":"2024-01-28T15:41:37","modified_gmt":"2024-01-28T14:41:37","slug":"booster-flammes-obsidiennes-ev03","status":"publish","type":"product","link":"https:\/\/tcg-bazar.fr\/?product=booster-flammes-obsidiennes-ev03","title":{"rendered":"Booster flammes obsidiennes EV03"},"content":{"rendered":"<h2 class=\"cont-onglet-titre\">DESCRIPTION<\/h2>\n<div class=\"hide_info_annexe row small-collapse medium-uncollapse\">\n<div class=\"column\">\n<p>L&#8217;extension \u00c9carlate et Violet \u2013 Flammes Obsidiennes introduit des Pok\u00e9mon-ex T\u00e9racristal, et certains Pok\u00e9mon-ex T\u00e9racristal qui auront besoin d\u2019\u00c9nergies d\u2019un type diff\u00e9rent de leur nouveau type. Par exemple, les Dresseurs et Dresseuses d\u00e9couvriront Dracaufeu-ex en tant que Pok\u00e9mon de type Obscurit\u00e9 au lieu de son type Feu habituel, ainsi que Tyranocif-ex en tant que type \u00c9lectrique au lieu de son type Combat ou Obscurit\u00e9 habituel. Lorsqu\u2019ils attaquent, les Pok\u00e9mon-ex T\u00e9racristal utilisent le m\u00eame type d\u2019\u00c9nergie que leur type habituel, mais leur Faiblesse correspondra \u00e0 leur nouveau type. Ces cartes suivront \u00e9galement les m\u00eames r\u00e8gles que les Pok\u00e9mon-ex traditionnels : lorsqu\u2019ils sont mis K.O., les Pok\u00e9mon-ex T\u00e9racristal dont le type a chang\u00e9 offrent deux cartes R\u00e9compense au lieu d\u2019une.<\/p>\n<p>Avec leurs illustrations audacieuses et magnifiques, les cartes \u00ab illustration rare \u00bb et \u00ab illustration sp\u00e9ciale rare \u00bb peuvent conter une histoire en une image. Avec son apparence f\u00e9roce, Dracaufeu-ex exprime la puissance tandis que Feunard semble serein en pleine for\u00eat. M\u00e9lo est \u00e9galement en paix sous un ciel \u00e9toil\u00e9. L\u2019adorable Gourmelet semble \u00eatre dans un \u00e9tat comateux apr\u00e8s un copieux repas. Trop mignon !<\/p>\n<p>D\u2019incroyables nouveaux Pok\u00e9mon-ex aux attaques et talents puissants arrivent dans \u00c9carlate et Violet \u2013 Flammes Obsidiennes.<\/p>\n<p><strong>Un booster contient 10 cartes al\u00e9atoires en fran\u00e7ais du JCC Pok\u00e9mon.<\/strong><\/p>\n<\/div>\n<\/div>\n","protected":false},"excerpt":{"rendered":"<p>DESCRIPTION L&#8217;extension \u00c9carlate et Violet \u2013 Flammes Obsidiennes introduit des Pok\u00e9mon-ex T\u00e9racristal, et certains Pok\u00e9mon-ex T\u00e9racristal qui auront besoin d\u2019\u00c9nergies d\u2019un type diff\u00e9rent de leur nouveau type. Par exemple, les Dresseurs et Dresseuses d\u00e9couvriront Dracaufeu-ex en tant que Pok\u00e9mon de type Obscurit\u00e9 au lieu de son type Feu habituel, ainsi que Tyranocif-ex en tant que [&hellip;]<\/p>\n","protected":false},"featured_media":436,"comment_status":"open","ping_status":"closed","template":"","meta":{"advanced_seo_description":"","jetpack_seo_html_title":"","jetpack_seo_noindex":false,"ocean_post_layout":"","ocean_both_sidebars_style":"","ocean_both_sidebars_content_width":0,"ocean_both_sidebars_sidebars_width":0,"ocean_sidebar":"0","ocean_second_sidebar":"0","ocean_disable_margins":"enable","ocean_add_body_class":"","ocean_shortcode_before_top_bar":"","ocean_shortcode_after_top_bar":"","ocean_shortcode_before_header":"","ocean_shortcode_after_header":"","ocean_has_shortcode":"","ocean_shortcode_after_title":"","ocean_shortcode_before_footer_widgets":"","ocean_shortcode_after_footer_widgets":"","ocean_shortcode_before_footer_bottom":"","ocean_shortcode_after_footer_bottom":"","ocean_display_top_bar":"default","ocean_display_header":"default","ocean_header_style":"","ocean_center_header_left_menu":"0","ocean_custom_header_template":"0","ocean_custom_logo":0,"ocean_custom_retina_logo":0,"ocean_custom_logo_max_width":0,"ocean_custom_logo_tablet_max_width":0,"ocean_custom_logo_mobile_max_width":0,"ocean_custom_logo_max_height":0,"ocean_custom_logo_tablet_max_height":0,"ocean_custom_logo_mobile_max_height":0,"ocean_header_custom_menu":"0","ocean_menu_typo_font_family":"0","ocean_menu_typo_font_subset":"","ocean_menu_typo_font_size":0,"ocean_menu_typo_font_size_tablet":0,"ocean_menu_typo_font_size_mobile":0,"ocean_menu_typo_font_size_unit":"px","ocean_menu_typo_font_weight":"","ocean_menu_typo_font_weight_tablet":"","ocean_menu_typo_font_weight_mobile":"","ocean_menu_typo_transform":"","ocean_menu_typo_transform_tablet":"","ocean_menu_typo_transform_mobile":"","ocean_menu_typo_line_height":0,"ocean_menu_typo_line_height_tablet":0,"ocean_menu_typo_line_height_mobile":0,"ocean_menu_typo_line_height_unit":"","ocean_menu_typo_spacing":0,"ocean_menu_typo_spacing_tablet":0,"ocean_menu_typo_spacing_mobile":0,"ocean_menu_typo_spacing_unit":"","ocean_menu_link_color":"","ocean_menu_link_color_hover":"","ocean_menu_link_color_active":"","ocean_menu_link_background":"","ocean_menu_link_hover_background":"","ocean_menu_link_active_background":"","ocean_menu_social_links_bg":"","ocean_menu_social_hover_links_bg":"","ocean_menu_social_links_color":"","ocean_menu_social_hover_links_color":"","ocean_disable_title":"default","ocean_disable_heading":"default","ocean_post_title":"","ocean_post_subheading":"","ocean_post_title_style":"","ocean_post_title_background_color":"","ocean_post_title_background":0,"ocean_post_title_bg_image_position":"","ocean_post_title_bg_image_attachment":"","ocean_post_title_bg_image_repeat":"","ocean_post_title_bg_image_size":"","ocean_post_title_height":0,"ocean_post_title_bg_overlay":0.5,"ocean_post_title_bg_overlay_color":"","ocean_disable_breadcrumbs":"default","ocean_breadcrumbs_color":"","ocean_breadcrumbs_separator_color":"","ocean_breadcrumbs_links_color":"","ocean_breadcrumbs_links_hover_color":"","ocean_display_footer_widgets":"default","ocean_display_footer_bottom":"default","ocean_custom_footer_template":"0"},"product_cat":[26,22],"product_tag":[],"jetpack_sharing_enabled":true,"_links":{"self":[{"href":"https:\/\/tcg-bazar.fr\/index.php?rest_route=\/wp\/v2\/product\/435"}],"collection":[{"href":"https:\/\/tcg-bazar.fr\/index.php?rest_route=\/wp\/v2\/product"}],"about":[{"href":"https:\/\/tcg-bazar.fr\/index.php?rest_route=\/wp\/v2\/types\/product"}],"replies":[{"embeddable":true,"href":"https:\/\/tcg-bazar.fr\/index.php?rest_route=%2Fwp%2Fv2%2Fcomments&post=435"}],"version-history":[{"count":1,"href":"https:\/\/tcg-bazar.fr\/index.php?rest_route=\/wp\/v2\/product\/435\/revisions"}],"predecessor-version":[{"id":437,"href":"https:\/\/tcg-bazar.fr\/index.php?rest_route=\/wp\/v2\/product\/435\/revisions\/437"}],"wp:featuredmedia":[{"embeddable":true,"href":"https:\/\/tcg-bazar.fr\/index.php?rest_route=\/wp\/v2\/media\/436"}],"wp:attachment":[{"href":"https:\/\/tcg-bazar.fr\/index.php?rest_route=%2Fwp%2Fv2%2Fmedia&parent=435"}],"wp:term":[{"taxonomy":"product_cat","embeddable":true,"href":"https:\/\/tcg-bazar.fr\/index.php?rest_route=%2Fwp%2Fv2%2Fproduct_cat&post=435"},{"taxonomy":"product_tag","embeddable":true,"href":"https:\/\/tcg-bazar.fr\/index.php?rest_route=%2Fwp%2Fv2%2Fproduct_tag&post=435"}],"curies":[{"name":"wp","href":"https:\/\/api.w.org\/{rel}","templated":true}]}}