{"id":438,"date":"2024-01-28T15:50:56","date_gmt":"2024-01-28T14:50:56","guid":{"rendered":"https:\/\/tcg-bazar.fr\/?post_type=product&#038;p=438"},"modified":"2026-03-26T22:00:55","modified_gmt":"2026-03-26T21:00:55","slug":"booster-dextention-les-friches-deldraine","status":"publish","type":"product","link":"https:\/\/tcg-bazar.fr\/?product=booster-dextention-les-friches-deldraine","title":{"rendered":"Booster d&#8217;extention les friches d&#8217;eldraine"},"content":{"rendered":"<p>Les friches d&#8217;Eldraine (Wilds of Eldraine) nous emm\u00e8ne au-del\u00e0 des ch\u00e2teaux et des Cours d&#8217;Eldraine. Place \u00e0 l&#8217;Aventure dans cette \u00e9dition qui signe le retour de ce plan de contes et de l\u00e9gendes.<\/p>\n<p>Votre prochaine aventure vous attend !<br \/>\nChaque booster d\u2019extension Les friches d\u2019Eldraine contient 12 cartes Magic, 1 carte d&#8217;illustration et 1 carte publicitaire\/de jeton, d\u2019aide, ou de \u00ab la Liste \u00bb (une carte sp\u00e9ciale de l&#8217;histoire de Magic, dans 25 % des boosters).<br \/>\nChaque booster inclut une combinaison de 1 \u00e0 5 cartes de raret\u00e9 rare ou sup\u00e9rieure, 3 \u00e0 7 cartes inhabituelles, 3 \u00e0 6 cartes courantes et 1 carte de terrain. Chaque booster contient au moins 1 carte sans bordure sp\u00e9ciale de raret\u00e9 inhabituelle ou sup\u00e9rieure.<\/p>\n","protected":false},"excerpt":{"rendered":"<p>Les friches d&#8217;Eldraine (Wilds of Eldraine) nous emm\u00e8ne au-del\u00e0 des ch\u00e2teaux et des Cours d&#8217;Eldraine. Place \u00e0 l&#8217;Aventure dans cette \u00e9dition qui signe le retour de ce plan de contes et de l\u00e9gendes. Votre prochaine aventure vous attend ! Chaque booster d\u2019extension Les friches d\u2019Eldraine contient 12 cartes Magic, 1 carte d&#8217;illustration et 1 carte [&hellip;]<\/p>\n","protected":false},"featured_media":439,"comment_status":"open","ping_status":"closed","template":"","meta":{"advanced_seo_description":"","jetpack_seo_html_title":"","jetpack_seo_noindex":false,"ocean_post_layout":"","ocean_both_sidebars_style":"","ocean_both_sidebars_content_width":0,"ocean_both_sidebars_sidebars_width":0,"ocean_sidebar":"0","ocean_second_sidebar":"0","ocean_disable_margins":"enable","ocean_add_body_class":"","ocean_shortcode_before_top_bar":"","ocean_shortcode_after_top_bar":"","ocean_shortcode_before_header":"","ocean_shortcode_after_header":"","ocean_has_shortcode":"","ocean_shortcode_after_title":"","ocean_shortcode_before_footer_widgets":"","ocean_shortcode_after_footer_widgets":"","ocean_shortcode_before_footer_bottom":"","ocean_shortcode_after_footer_bottom":"","ocean_display_top_bar":"default","ocean_display_header":"default","ocean_header_style":"","ocean_center_header_left_menu":"0","ocean_custom_header_template":"0","ocean_custom_logo":0,"ocean_custom_retina_logo":0,"ocean_custom_logo_max_width":0,"ocean_custom_logo_tablet_max_width":0,"ocean_custom_logo_mobile_max_width":0,"ocean_custom_logo_max_height":0,"ocean_custom_logo_tablet_max_height":0,"ocean_custom_logo_mobile_max_height":0,"ocean_header_custom_menu":"0","ocean_menu_typo_font_family":"0","ocean_menu_typo_font_subset":"","ocean_menu_typo_font_size":0,"ocean_menu_typo_font_size_tablet":0,"ocean_menu_typo_font_size_mobile":0,"ocean_menu_typo_font_size_unit":"px","ocean_menu_typo_font_weight":"","ocean_menu_typo_font_weight_tablet":"","ocean_menu_typo_font_weight_mobile":"","ocean_menu_typo_transform":"","ocean_menu_typo_transform_tablet":"","ocean_menu_typo_transform_mobile":"","ocean_menu_typo_line_height":0,"ocean_menu_typo_line_height_tablet":0,"ocean_menu_typo_line_height_mobile":0,"ocean_menu_typo_line_height_unit":"","ocean_menu_typo_spacing":0,"ocean_menu_typo_spacing_tablet":0,"ocean_menu_typo_spacing_mobile":0,"ocean_menu_typo_spacing_unit":"","ocean_menu_link_color":"","ocean_menu_link_color_hover":"","ocean_menu_link_color_active":"","ocean_menu_link_background":"","ocean_menu_link_hover_background":"","ocean_menu_link_active_background":"","ocean_menu_social_links_bg":"","ocean_menu_social_hover_links_bg":"","ocean_menu_social_links_color":"","ocean_menu_social_hover_links_color":"","ocean_disable_title":"default","ocean_disable_heading":"default","ocean_post_title":"","ocean_post_subheading":"","ocean_post_title_style":"","ocean_post_title_background_color":"","ocean_post_title_background":0,"ocean_post_title_bg_image_position":"","ocean_post_title_bg_image_attachment":"","ocean_post_title_bg_image_repeat":"","ocean_post_title_bg_image_size":"","ocean_post_title_height":0,"ocean_post_title_bg_overlay":0.5,"ocean_post_title_bg_overlay_color":"","ocean_disable_breadcrumbs":"default","ocean_breadcrumbs_color":"","ocean_breadcrumbs_separator_color":"","ocean_breadcrumbs_links_color":"","ocean_breadcrumbs_links_hover_color":"","ocean_display_footer_widgets":"default","ocean_display_footer_bottom":"default","ocean_custom_footer_template":"0"},"product_cat":[23,19],"product_tag":[],"jetpack_sharing_enabled":true,"_links":{"self":[{"href":"https:\/\/tcg-bazar.fr\/index.php?rest_route=\/wp\/v2\/product\/438"}],"collection":[{"href":"https:\/\/tcg-bazar.fr\/index.php?rest_route=\/wp\/v2\/product"}],"about":[{"href":"https:\/\/tcg-bazar.fr\/index.php?rest_route=\/wp\/v2\/types\/product"}],"replies":[{"embeddable":true,"href":"https:\/\/tcg-bazar.fr\/index.php?rest_route=%2Fwp%2Fv2%2Fcomments&post=438"}],"version-history":[{"count":1,"href":"https:\/\/tcg-bazar.fr\/index.php?rest_route=\/wp\/v2\/product\/438\/revisions"}],"predecessor-version":[{"id":440,"href":"https:\/\/tcg-bazar.fr\/index.php?rest_route=\/wp\/v2\/product\/438\/revisions\/440"}],"wp:featuredmedia":[{"embeddable":true,"href":"https:\/\/tcg-bazar.fr\/index.php?rest_route=\/wp\/v2\/media\/439"}],"wp:attachment":[{"href":"https:\/\/tcg-bazar.fr\/index.php?rest_route=%2Fwp%2Fv2%2Fmedia&parent=438"}],"wp:term":[{"taxonomy":"product_cat","embeddable":true,"href":"https:\/\/tcg-bazar.fr\/index.php?rest_route=%2Fwp%2Fv2%2Fproduct_cat&post=438"},{"taxonomy":"product_tag","embeddable":true,"href":"https:\/\/tcg-bazar.fr\/index.php?rest_route=%2Fwp%2Fv2%2Fproduct_tag&post=438"}],"curies":[{"name":"wp","href":"https:\/\/api.w.org\/{rel}","templated":true}]}}